{"id":1802,"date":"2023-03-23T15:15:45","date_gmt":"2023-03-23T15:15:45","guid":{"rendered":"https:\/\/tishk.org\/de\/?page_id=1802"},"modified":"2025-08-26T21:38:00","modified_gmt":"2025-08-26T19:38:00","slug":"privacy-policy","status":"publish","type":"page","link":"https:\/\/tishk.org\/de\/privacy-policy\/","title":{"rendered":"Impressum"},"content":{"rendered":"<div class=\"fusion-fullwidth fullwidth-box fusion-builder-row-1 fusion-flex-container has-pattern-background has-mask-background nonhundred-percent-fullwidth non-hundred-percent-height-scrolling\" style=\"--awb-border-radius-top-left:0px;--awb-border-radius-top-right:0px;--awb-border-radius-bottom-right:0px;--awb-border-radius-bottom-left:0px;--awb-flex-wrap:wrap;\" ><div class=\"fusion-builder-row fusion-row fusion-flex-align-items-flex-start fusion-flex-content-wrap\" style=\"max-width:1302px;margin-left: calc(-5% \/ 2 );margin-right: calc(-5% \/ 2 );\"><div class=\"fusion-layout-column fusion_builder_column fusion-builder-column-0 fusion_builder_column_1_1 1_1 fusion-flex-column\" style=\"--awb-bg-size:cover;--awb-width-large:100%;--awb-margin-top-large:0px;--awb-spacing-right-large:2.375%;--awb-margin-bottom-large:0px;--awb-spacing-left-large:2.375%;--awb-width-medium:100%;--awb-order-medium:0;--awb-spacing-right-medium:2.375%;--awb-spacing-left-medium:2.375%;--awb-width-small:100%;--awb-order-small:0;--awb-spacing-right-small:2.375%;--awb-spacing-left-small:2.375%;\"><div class=\"fusion-column-wrapper fusion-column-has-shadow fusion-flex-justify-content-flex-start fusion-content-layout-column\"><div class=\"fusion-title title fusion-title-1 fusion-sep-none fusion-title-text fusion-title-size-four\" style=\"--awb-margin-top-small:10px;--awb-margin-right-small:0px;--awb-margin-bottom-small:10px;--awb-margin-left-small:0px;\"><h4 class=\"fusion-title-heading title-heading-left\" style=\"margin:0;\"><strong>TISHK- Zentrum f\u00fcr Studien \u00fcber Kurdistan e.V.<\/strong><\/h4><\/div><div class=\"fusion-text fusion-text-1\"><p>Vorsitzender:<br \/>\nSiawasch Mohammadi<br \/>\nTISHK-Zentrum f\u00fcr Studien \u00fcber Kurdistan e.V.<br \/>\nPostfach: 840108<br \/>\n51033 K\u00f6ln<\/p>\n<p>E-Mail:<br \/>\ninfo@tishk.org<br \/>\nTel.: 015110338428<\/p>\n<p>Bankverbindung:<br \/>\nSparkasse K\u00f6lnBonn<br \/>\nIBAN: DE89 3705 0198 1936 5239 82<br \/>\nBIC\/SWIFT Code: COLSDE33XXX<\/p>\n<p>Eingetragen im Vereinsregister des Amtsgericht Bonn unter VR 12653<\/p>\n<p>Steuernummer: 206\/5879\/1194<\/p>\n<p style=\"text-align: justify;\">Das TISHK -Zentrum f\u00fcr Studien \u00fcber Kurdistan e.V. ist laut Freistellungsbescheid des Finanzamtes K\u00f6ln vom 11.11.2022 sowie erneut laut Freistellungsbescheid des Finanzamtes Bonn vom 06.08.2025 von der K\u00f6rperschaftssteuer befreit und als gemeinn\u00fctzig anerkannt.<\/p>\n<\/div><div class=\"fusion-text fusion-text-2\" style=\"--awb-content-alignment:justify;\"><p style=\"text-align: justify;\">Das TISHK Zentrum verpflichtet sich, die Privatsph\u00e4re und die Vertraulichkeit der pers\u00f6nlichen Daten seiner Nutzer zu sch\u00fctzen. Diese Datenschutzrichtlinie beschreibt, wie wir Ihre pers\u00f6nlichen Daten in \u00dcbereinstimmung mit deutschem Recht sammeln, verwenden, offenlegen und sch\u00fctzen. Indem Sie unsere Dienste nutzen oder auf unsere Website zugreifen, erkl\u00e4ren Sie sich mit den in dieser Richtlinie beschriebenen Praktiken einverstanden.<\/p>\n<\/div><div class=\"fusion-title title fusion-title-2 fusion-sep-none fusion-title-text fusion-title-size-four\" style=\"--awb-margin-top-small:10px;--awb-margin-right-small:0px;--awb-margin-bottom-small:10px;--awb-margin-left-small:0px;\"><h4 class=\"fusion-title-heading title-heading-left\" style=\"margin:0;\"><strong>Datenschutzrichtlinie<\/strong><\/h4><\/div><div class=\"fusion-title title fusion-title-3 fusion-sep-none fusion-title-text fusion-title-size-four\" style=\"--awb-margin-top-small:10px;--awb-margin-right-small:0px;--awb-margin-bottom-small:10px;--awb-margin-left-small:0px;\"><h4 class=\"fusion-title-heading title-heading-left\" style=\"margin:0;\"><strong>Erfassung pers\u00f6nlicher Informationen:<\/strong><\/h4><\/div><div class=\"fusion-text fusion-text-3\" style=\"--awb-content-alignment:justify;\"><p style=\"text-align: justify;\">Wir k\u00f6nnen personenbezogene Daten von Ihnen erheben, wenn Sie mit uns interagieren, z. B. wenn Sie sich f\u00fcr unseren Newsletter anmelden, sich f\u00fcr eine Veranstaltung registrieren oder eine Anfrage stellen. Zu den Arten von personenbezogenen Daten, die wir erfassen k\u00f6nnen, geh\u00f6ren Ihr Name, Ihre E-Mail-Adresse, Ihre Kontaktnummer und andere Informationen, die Sie uns freiwillig zur Verf\u00fcgung stellen.<\/p>\n<p style=\"text-align: justify;\"><strong>Verwendung personenbezogener Daten:<\/strong><\/p>\n<p style=\"text-align: justify;\">Wir verwenden die erfassten personenbezogenen Daten f\u00fcr die folgenden Zwecke:<\/p>\n<p style=\"text-align: justify;\">&#8211; Um mit Ihnen zu kommunizieren und Ihre Anfragen zu beantworten,<br \/>\n&#8211; Um Ihnen die gew\u00fcnschten Dienstleistungen und Informationen zur Verf\u00fcgung zu stellen,<br \/>\n&#8211; Zur Zusendung von Newslettern und Aktualisierungen \u00fcber unsere Aktivit\u00e4ten,<br \/>\n&#8211; Um unsere Dienste zu verbessern und die Benutzerfreundlichkeit zu erh\u00f6hen,<br \/>\n&#8211; Zur Erf\u00fcllung gesetzlicher Verpflichtungen<\/p>\n<p style=\"text-align: justify;\"><strong>Weitergabe von pers\u00f6nlichen Informationen:<\/strong><\/p>\n<p style=\"text-align: justify;\">Wir verkaufen oder vermieten Ihre pers\u00f6nlichen Daten nicht an Dritte. Wir k\u00f6nnen jedoch Ihre Daten an vertrauensw\u00fcrdige Dienstleister weitergeben, die uns beim Betrieb unserer Website oder bei der Erbringung von Dienstleistungen in unserem Namen unterst\u00fctzen. Diese Dienstleister sind vertraglich dazu verpflichtet, die Vertraulichkeit und Sicherheit Ihrer pers\u00f6nlichen Daten zu wahren.<\/p>\n<p style=\"text-align: justify;\"><strong>Datensicherheit:<\/strong><br \/>\nWir ergreifen geeignete technische und organisatorische Ma\u00dfnahmen, um Ihre personenbezogenen Daten vor unbefugtem Zugriff, Verlust, Missbrauch oder Ver\u00e4nderung zu sch\u00fctzen. Wir \u00fcberpr\u00fcfen und aktualisieren unsere Sicherheitsverfahren regelm\u00e4\u00dfig, um den kontinuierlichen Schutz Ihrer Daten zu gew\u00e4hrleisten.<\/p>\n<p style=\"text-align: justify;\"><strong>Aufbewahrung pers\u00f6nlicher Daten:<\/strong><br \/>\nWir bewahren Ihre personenbezogenen Daten nur so lange auf, wie es f\u00fcr die Erf\u00fcllung der in dieser Datenschutzrichtlinie genannten Zwecke erforderlich ist, es sei denn, eine l\u00e4ngere Aufbewahrungsfrist ist gesetzlich vorgeschrieben.<br \/>\nIhre Rechte:<br \/>\nSie haben das Recht, auf Ihre bei uns gespeicherten personenbezogenen Daten zuzugreifen, sie zu korrigieren, zu aktualisieren oder zu l\u00f6schen. Wenn Sie eines dieser Rechte aus\u00fcben m\u00f6chten oder Bedenken hinsichtlich der Verarbeitung Ihrer personenbezogenen Daten haben, wenden Sie sich bitte an uns unter Verwendung der unten angegebenen Informationen.<br \/>\n\u00c4nderungen an dieser Datenschutzrichtlinie:<br \/>\nWir behalten uns das Recht vor, diese Datenschutzrichtlinie jederzeit zu \u00e4ndern oder zu aktualisieren. Jegliche \u00c4nderungen werden sofort nach Ver\u00f6ffentlichung auf unserer Website wirksam. Wir empfehlen Ihnen, diese Richtlinie in regelm\u00e4\u00dfigen Abst\u00e4nden auf Aktualisierungen zu \u00fcberpr\u00fcfen.<br \/>\nIndem Sie unsere Dienste nutzen oder auf unsere Website zugreifen, best\u00e4tigen Sie, dass Sie diese Datenschutzrichtlinie gelesen und verstanden haben, und erkl\u00e4ren sich mit der Erfassung, Verwendung und Weitergabe Ihrer pers\u00f6nlichen Daten wie hier beschrieben einverstanden.<\/p>\n<\/div><\/div><\/div><\/div><\/div>\n","protected":false},"excerpt":{"rendered":"","protected":false},"author":1,"featured_media":0,"parent":0,"menu_order":0,"comment_status":"closed","ping_status":"closed","template":"100-width.php","meta":{"_acf_changed":false,"give_campaign_id":0,"footnotes":""},"class_list":["post-1802","page","type-page","status-publish","hentry"],"acf":[],"campaignId":"","jetpack_sharing_enabled":true,"_links":{"self":[{"href":"https:\/\/tishk.org\/de\/wp-json\/wp\/v2\/pages\/1802","targetHints":{"allow":["GET"]}}],"collection":[{"href":"https:\/\/tishk.org\/de\/wp-json\/wp\/v2\/pages"}],"about":[{"href":"https:\/\/tishk.org\/de\/wp-json\/wp\/v2\/types\/page"}],"author":[{"embeddable":true,"href":"https:\/\/tishk.org\/de\/wp-json\/wp\/v2\/users\/1"}],"replies":[{"embeddable":true,"href":"https:\/\/tishk.org\/de\/wp-json\/wp\/v2\/comments?post=1802"}],"version-history":[{"count":13,"href":"https:\/\/tishk.org\/de\/wp-json\/wp\/v2\/pages\/1802\/revisions"}],"predecessor-version":[{"id":3705,"href":"https:\/\/tishk.org\/de\/wp-json\/wp\/v2\/pages\/1802\/revisions\/3705"}],"wp:attachment":[{"href":"https:\/\/tishk.org\/de\/wp-json\/wp\/v2\/media?parent=1802"}],"curies":[{"name":"wp","href":"https:\/\/api.w.org\/{rel}","templated":true}]}}