{"id":2155,"date":"2023-10-26T18:35:02","date_gmt":"2023-10-26T18:35:02","guid":{"rendered":"https:\/\/tishk.org\/de\/?page_id=2155"},"modified":"2023-12-27T12:39:19","modified_gmt":"2023-12-27T12:39:19","slug":"blog-2","status":"publish","type":"page","link":"https:\/\/tishk.org\/de\/blog-2\/","title":{"rendered":"Blog"},"content":{"rendered":"<div class=\"fusion-fullwidth fullwidth-box fusion-builder-row-1 fusion-flex-container nonhundred-percent-fullwidth non-hundred-percent-height-scrolling\" style=\"--awb-border-radius-top-left:0px;--awb-border-radius-top-right:0px;--awb-border-radius-bottom-right:0px;--awb-border-radius-bottom-left:0px;--awb-flex-wrap:wrap;\" ><div class=\"fusion-builder-row fusion-row fusion-flex-align-items-flex-start fusion-flex-content-wrap\" style=\"max-width:1302px;margin-left: calc(-5% \/ 2 );margin-right: calc(-5% \/ 2 );\"><div class=\"fusion-layout-column fusion_builder_column fusion-builder-column-0 fusion_builder_column_1_1 1_1 fusion-flex-column\" style=\"--awb-bg-size:cover;--awb-width-large:100%;--awb-margin-top-large:0px;--awb-spacing-right-large:2.375%;--awb-margin-bottom-large:0px;--awb-spacing-left-large:2.375%;--awb-width-medium:100%;--awb-spacing-right-medium:2.375%;--awb-spacing-left-medium:2.375%;--awb-width-small:100%;--awb-spacing-right-small:2.375%;--awb-spacing-left-small:2.375%;\"><div class=\"fusion-column-wrapper fusion-flex-justify-content-flex-start fusion-content-layout-column\"><div class=\"fusion-text fusion-text-1\" style=\"--awb-content-alignment:justify;\"><div class=\"fusion-text fusion-text-2\">\n<p style=\"text-align: justify;\"><strong>Willkommen bei Kurdistan Agora Blog<\/strong><\/p>\n<p style=\"text-align: justify;\">Kurdistan Agora Blog bietet pr\u00e4gnante und aufschlussreiche Analysen der Region Kurdistan und der kurdischen Frage im breiteren Kontext des Nahen Ostens. Unsere Plattform soll den Dialog zwischen Schriftstellern und Denkern f\u00f6rdern, die sich mit den einzigartigen Herausforderungen des kurdischen Volkes auseinandersetzen und \u00fcber eine positive Zukunft f\u00fcr diese bemerkenswerte Region nachdenken.<\/p>\n<p style=\"text-align: justify;\">Kurdistan, das im Zentrum des historisch und geopolitisch komplexen Nahen Ostens liegt, ist von immenser Bedeutung. Kurdistan Agora hat es sich zur Aufgabe gemacht, umfassende Diskussionen \u00fcber die Herausforderungen des kurdischen Volkes zu f\u00f6rdern und dabei anzuerkennen, dass kritisches wissenschaftliches Engagement, sowohl als methodischer Ansatz als auch als theoretischer Rahmen, das Potenzial hat, wesentlich zur Verwirklichung einer besseren Zukunft sowohl f\u00fcr die Region Kurdistan als auch f\u00fcr den gesamten Nahen Osten beizutragen.<\/p>\n<p style=\"text-align: justify;\"><strong>Kriterien f\u00fcr die Ver\u00f6ffentlichung im Kurdistan Agora Blog<\/strong><\/p>\n<p style=\"text-align: justify;\">Um die Qualit\u00e4t und die Vision unserer Plattform aufrechtzuerhalten, haben wir die folgenden Ver\u00f6ffentlichungskriterien festgelegt:<\/p>\n<p style=\"text-align: justify;\">1. Pr\u00e4gnanz und Klarheit: Wir empfehlen Artikel mit nicht mehr als 2000 W\u00f6rtern, um unsere Leser durch K\u00fcrze und Klarheit zu fesseln.<\/p>\n<p style=\"text-align: justify;\">2. Mehrsprachige Herangehensweise: Die auf Kurdistan Agora ver\u00f6ffentlichten Artikel sind sowohl auf Englisch als auch auf Deutsch verf\u00fcgbar, um ein vielf\u00e4ltiges, internationales Publikum zu erreichen.<\/p>\n<p style=\"text-align: justify;\">3. Einzigartige Sichtweisen: Wir legen Wert auf die Ver\u00f6ffentlichung von Inhalten, die sich mit weniger diskutierten Themen befassen und neue Einblicke in die \u00fcbersehenen Aspekte Kurdistans und des Nahen Ostens bieten.<\/p>\n<p style=\"text-align: justify;\">4. Nicht-ideologische Herangehensweise: Wir begr\u00fc\u00dfen zwar unterschiedliche Perspektiven, unterst\u00fctzen aber keine Artikel, die bestimmten Ideologien zuzuordnen sind. Wir legen Wert auf unabh\u00e4ngiges Denken und ausgewogene Ansichten \u00fcber politische, soziale und kulturelle Ereignisse in Kurdistan.<\/p>\n<p style=\"text-align: justify;\">5. Kritisches wissenschaftliches Engagement: Die Perspektiven Kurdistans werden durch die genaue Untersuchung historischer Prozesse und gesellschaftlicher Ver\u00e4nderungen tiefgreifend gepr\u00e4gt. Wir laden zu aufschlussreichen Diskussionen \u00fcber verschiedene wichtige Themen ein und betonen, dass die Anwendung von Kritikalit\u00e4t, sowohl als methodischer Ansatz als auch als theoretischer Rahmen, das Potenzial hat, wesentlich zur Verwirklichung einer besseren Zukunft sowohl f\u00fcr die Region Kurdistan als auch f\u00fcr den Nahen Osten im weiteren Sinne beizutragen.<\/p>\n<p style=\"text-align: justify;\">6. Format f\u00fcr die Einreichung von Artikeln: Bitte reichen Sie Ihre Artikel in einer Word-Datei mit der Schriftart Times New Roman, Gr\u00f6\u00dfe 12, unter der Email: kurdistan.agora@tishk.org ein und achten Sie darauf, dass die Referenzen dem Chicago-Zitierstil entsprechen.<\/p>\n<p style=\"text-align: justify;\">Wir freuen uns auf Ihre wertvollen Beitr\u00e4ge und ermutigen Sie, sich bei R\u00fcckfragen oder zur Einreichung Ihrer Artikel an unsere <a href=\"https:\/\/tishk.org\/de\/contact\/\">Redaktion<\/a> zu wenden.<\/p>\n<\/div>\n<div class=\"fusion-form fusion-form-builder fusion-form-form-wrapper fusion-form-1630 has-icon-alignment\" data-form-id=\"1630\" data-config=\"{\">\n<form class=\"fusion-form fusion-form-1630\" action=\"https:\/\/tishk.org\/about\/board\/\" method=\"post\">\n<div class=\"fusion-fullwidth fullwidth-box fusion-builder-row-3-1 fusion-flex-container has-pattern-background has-mask-background nonhundred-percent-fullwidth non-hundred-percent-height-scrolling\">\n<div class=\"fusion-builder-row fusion-row fusion-flex-align-items-flex-start fusion-flex-content-wrap\">\n<div class=\"fusion-layout-column fusion_builder_column fusion-builder-column-6 fusion_builder_column_1_1 1_1 fusion-flex-column\">\n<div class=\"fusion-column-wrapper fusion-column-has-shadow fusion-flex-justify-content-flex-start fusion-content-layout-column\">\n<div class=\"fusion-builder-row fusion-builder-row-inner fusion-row fusion-flex-align-items-flex-start fusion-flex-content-wrap\">\n<div class=\"fusion-layout-column fusion_builder_column_inner fusion-builder-nested-column-0 fusion_builder_column_inner_1_1 1_1 fusion-flex-column\">\n<div class=\"fusion-column-wrapper fusion-column-has-shadow fusion-flex-justify-content-flex-start fusion-content-layout-column\">\n<div id=\"fusion-notices-1\" class=\"form-submission-notices data-notice_1\" style=\"text-align: justify;\"><\/div>\n<\/div>\n<\/div>\n<\/div>\n<\/div>\n<\/div>\n<\/div>\n<\/div>\n<\/form>\n<\/div>\n<\/div><\/div><\/div><\/div><\/div>\n","protected":false},"excerpt":{"rendered":"","protected":false},"author":1,"featured_media":0,"parent":0,"menu_order":0,"comment_status":"closed","ping_status":"closed","template":"","meta":{"_acf_changed":false,"give_campaign_id":0,"footnotes":""},"class_list":["post-2155","page","type-page","status-publish","hentry"],"acf":[],"campaignId":"","jetpack_sharing_enabled":true,"_links":{"self":[{"href":"https:\/\/tishk.org\/de\/wp-json\/wp\/v2\/pages\/2155","targetHints":{"allow":["GET"]}}],"collection":[{"href":"https:\/\/tishk.org\/de\/wp-json\/wp\/v2\/pages"}],"about":[{"href":"https:\/\/tishk.org\/de\/wp-json\/wp\/v2\/types\/page"}],"author":[{"embeddable":true,"href":"https:\/\/tishk.org\/de\/wp-json\/wp\/v2\/users\/1"}],"replies":[{"embeddable":true,"href":"https:\/\/tishk.org\/de\/wp-json\/wp\/v2\/comments?post=2155"}],"version-history":[{"count":4,"href":"https:\/\/tishk.org\/de\/wp-json\/wp\/v2\/pages\/2155\/revisions"}],"predecessor-version":[{"id":2689,"href":"https:\/\/tishk.org\/de\/wp-json\/wp\/v2\/pages\/2155\/revisions\/2689"}],"wp:attachment":[{"href":"https:\/\/tishk.org\/de\/wp-json\/wp\/v2\/media?parent=2155"}],"curies":[{"name":"wp","href":"https:\/\/api.w.org\/{rel}","templated":true}]}}