{"id":2208,"date":"2023-10-28T09:24:33","date_gmt":"2023-10-28T09:24:33","guid":{"rendered":"https:\/\/tishk.org\/de\/?page_id=2208"},"modified":"2025-08-30T03:09:39","modified_gmt":"2025-08-30T01:09:39","slug":"spende","status":"publish","type":"page","link":"https:\/\/tishk.org\/de\/spende\/","title":{"rendered":"Spende"},"content":{"rendered":"<p><div class=\"fusion-fullwidth fullwidth-box fusion-builder-row-1 fusion-flex-container has-pattern-background has-mask-background nonhundred-percent-fullwidth non-hundred-percent-height-scrolling\" style=\"--awb-border-radius-top-left:0px;--awb-border-radius-top-right:0px;--awb-border-radius-bottom-right:0px;--awb-border-radius-bottom-left:0px;--awb-margin-bottom:40px;--awb-flex-wrap:wrap;\" ><div class=\"fusion-builder-row fusion-row fusion-flex-align-items-flex-start fusion-flex-content-wrap\" style=\"max-width:1302px;margin-left: calc(-5% \/ 2 );margin-right: calc(-5% \/ 2 );\"><div class=\"fusion-layout-column fusion_builder_column fusion-builder-column-0 fusion_builder_column_1_1 1_1 fusion-flex-column\" style=\"--awb-bg-size:cover;--awb-width-large:100%;--awb-margin-top-large:0px;--awb-spacing-right-large:2.375%;--awb-margin-bottom-large:0px;--awb-spacing-left-large:2.375%;--awb-width-medium:100%;--awb-order-medium:0;--awb-spacing-right-medium:2.375%;--awb-spacing-left-medium:2.375%;--awb-width-small:100%;--awb-order-small:0;--awb-spacing-right-small:2.375%;--awb-spacing-left-small:2.375%;\"><div class=\"fusion-column-wrapper fusion-column-has-shadow fusion-flex-justify-content-flex-start fusion-content-layout-column\"><div class=\"fusion-flip-boxes flip-boxes row fusion-columns-1 flip-effect-classic\"><div class=\"fusion-flip-box-wrapper fusion-column col-lg-12 col-md-12 col-sm-12\"><div class=\"fusion-flip-box flip-right\" tabindex=\"0\"><div class=\"flip-box-inner-wrapper\"><div class=\"flip-box-front\" style=\"--awb-title-front-color:var(--awb-custom_color_1);\"><div class=\"flip-box-front-inner\"><h2 class=\"flip-box-heading without-text\">Jetzt spenden<\/h2><\/div><\/div><div class=\"flip-box-back\" style=\"--awb-title-back-color:var(--awb-custom_color_1);\"><div class=\"flip-box-back-inner\"><h3 class=\"flip-box-heading-back\">Jetzt spenden<\/h3>\n<p>Unsere Aktivit\u00e4ten werden auf freiwilliger Basis durchgef\u00fchrt, und ihre Fortsetzung h\u00e4ngt von Ihrer wertvollen finanziellen Unterst\u00fctzung ab.<\/p>\n<\/div><\/div><\/div><\/div><\/div><\/div><div class=\"fusion-separator fusion-full-width-sep\" style=\"align-self: center;margin-left: auto;margin-right: auto;width:100%;\"><div class=\"fusion-separator-border sep-double\" style=\"--awb-height:20px;--awb-amount:20px;border-color:var(--awb-color3);border-top-width:1px;border-bottom-width:1px;\"><\/div><\/div><\/div><\/div><\/div><\/div><div class=\"fusion-fullwidth fullwidth-box fusion-builder-row-2 fusion-flex-container has-pattern-background has-mask-background nonhundred-percent-fullwidth non-hundred-percent-height-scrolling\" style=\"--awb-border-radius-top-left:0px;--awb-border-radius-top-right:0px;--awb-border-radius-bottom-right:0px;--awb-border-radius-bottom-left:0px;--awb-margin-top:20px;--awb-flex-wrap:wrap;\" ><div class=\"fusion-builder-row fusion-row fusion-flex-align-items-flex-start fusion-flex-content-wrap\" style=\"max-width:1302px;margin-left: calc(-5% \/ 2 );margin-right: calc(-5% \/ 2 );\"><div class=\"fusion-layout-column fusion_builder_column fusion-builder-column-1 fusion_builder_column_1_2 1_2 fusion-flex-column\" style=\"--awb-bg-size:cover;--awb-width-large:50%;--awb-margin-top-large:0px;--awb-spacing-right-large:4.75%;--awb-margin-bottom-large:0px;--awb-spacing-left-large:4.75%;--awb-width-medium:50%;--awb-order-medium:0;--awb-spacing-right-medium:4.75%;--awb-spacing-left-medium:4.75%;--awb-width-small:100%;--awb-order-small:0;--awb-margin-top-small:35px;--awb-spacing-right-small:2.375%;--awb-spacing-left-small:2.375%;\"><div class=\"fusion-column-wrapper fusion-column-has-shadow fusion-flex-justify-content-flex-start fusion-content-layout-column\"><div class=\"fusion-title title fusion-title-1 fusion-sep-none fusion-title-text fusion-title-size-three\" style=\"--awb-margin-top-small:10px;--awb-margin-right-small:0px;--awb-margin-bottom-small:10px;--awb-margin-left-small:0px;\"><h3 class=\"fusion-title-heading title-heading-left\" style=\"margin:0;text-transform:capitalize;\"><h5 style=\"text-align: left;\"><strong><span style=\"font-size: 14px; color: #00ccff;\">Sie k\u00f6nnen auch zu den finanziellen Unterst\u00fctzern unseres Zentrums geh\u00f6ren.<\/span><\/strong><\/h5><\/h3><\/div><div class=\"fusion-text fusion-text-1\" style=\"--awb-content-alignment:justify;\"><p data-start=\"137\" data-end=\"252\">Wir sch\u00e4tzen Ihre Bereitschaft, das <strong>TISHK Zentrum f\u00fcr Studien \u00fcber Kurdistan<\/strong> finanziell zu unterst\u00fctzen, in h\u00f6chstem Ma\u00dfe<\/p>\n<p style=\"text-align: justify;\" data-start=\"254\" data-end=\"626\">Ihre Unterst\u00fctzung hat f\u00fcr uns einen au\u00dferordentlichen Wert. Nachfolgend finden Sie eine kurze \u00dcbersicht mit den wesentlichen Informationen zur finanziellen F\u00f6rderung des Zentrums. Es sei betont, dass die Aktivit\u00e4ten des Zentrums ma\u00dfgeblich auf Ihrer Hilfe und Unterst\u00fctzung beruhen \u2013 jeder finanzielle Beitrag leistet einen entscheidenden Beitrag zur Weiterentwicklung unserer Programme und zur St\u00e4rkung unserer wissenschaftlichen Forschung.<\/p>\n<p data-start=\"254\" data-end=\"626\"><span style=\"color: #00ccff;\"><strong>M\u00f6glichkeiten der finanziellen Unterst\u00fctzung<\/strong><\/span><\/p>\n<p data-start=\"628\" data-end=\"799\">Ihre Zuwendungen k\u00f6nnen Sie auf unterschiedliche Weise leisten, etwa \u00fcber <strong data-start=\"782\" data-end=\"792\">PayPal<\/strong>, <strong data-start=\"794\" data-end=\"808\">MasterCard<\/strong>&#8211; oder <strong data-start=\"815\" data-end=\"836\">Visa-Kreditkarten<\/strong>, \u00a0<strong data-start=\"702\" data-end=\"796\"><a href=\"https:\/\/www.paypal.com\/donate\/?hosted_button_id=ENM6B5EG86V2N\"><span style=\"color: #00ccff;\">PayPal<\/span><\/a>, <a href=\"https:\/\/www.paypal.com\/donate\/?hosted_button_id=ENM6B5EG86V2N\"><span style=\"color: #00ccff;\">MasterCard und Visa credit cards,<\/span><\/a>, das offizielle Bankkonto des Zentrums, oder auch in Form von Barspenden.<\/strong>.<\/p>\n<h3 data-start=\"806\" data-end=\"848\"><span style=\"color: #00ccff;\"><strong data-start=\"810\" data-end=\"848\">F\u00f6rdernde Mitglieder des Zentrums<\/strong><\/span><\/h3>\n<ul>\n<li data-start=\"963\" data-end=\"1040\">\n<p data-start=\"965\" data-end=\"1040\"><strong data-start=\"965\" data-end=\"986\">Art der Beitr\u00e4ge:<\/strong> einmalig, monatlich, viertelj\u00e4hrlich oder j\u00e4hrlich.<\/p>\n<\/li>\n<li data-start=\"1041\" data-end=\"1222\">\n<p data-start=\"1043\" data-end=\"1222\">Unsere Unterst\u00fctzerinnen und Unterst\u00fctzer sind Studierende, Forschende sowie Personen mit Interesse an den wissenschaftlichen Aktivit\u00e4ten des TISHK Center for Kurdistan Studies.<\/p>\n<\/li>\n<li data-start=\"1223\" data-end=\"1384\">\n<p data-start=\"1225\" data-end=\"1384\">Alle Einzelpersonen und Institutionen sind herzlich eingeladen, sich als finanzielle F\u00f6rderer zu registrieren und an diesem akademischen Projekt mitzuwirken.<\/p>\n<\/li>\n<\/ul>\n<h3 data-start=\"1196\" data-end=\"1237\"><span style=\"color: #00ccff;\"><strong data-start=\"1200\" data-end=\"1237\">Wege zur finanziellen Unterst\u00fctzung<\/strong><\/span><\/h3>\n<ol data-start=\"1239\" data-end=\"1943\">\n<li data-start=\"1239\" data-end=\"1390\">\n<p data-start=\"1242\" data-end=\"1390\"><strong data-start=\"1242\" data-end=\"1264\">Unterst\u00fctzung \u00fcber PayPal<\/strong><br data-start=\"1264\" data-end=\"1267\" \/>Ihre Zuwendungen k\u00f6nnen Sie bequem \u00fcber das offizielle PayPal-Konto des TISHK Zentrums f\u00fcr Studien \u00fcber Kurdistan \u00fcbermitteln.<\/p>\n<\/li>\n<li data-start=\"1392\" data-end=\"1639\">\n<p data-start=\"1395\" data-end=\"1639\"><strong data-start=\"1395\" data-end=\"1430\">Unterst\u00fctzung \u00fcber MasterCard und Visa<\/strong><br data-start=\"1430\" data-end=\"1433\" \/>F\u00fcr Personen ohne PayPal-Konto besteht die M\u00f6glichkeit, Zahlungen direkt per MasterCard- oder Visa-Kreditkarte vorzunehmen. \u00dcber den bereitgestellten Zahlungslink kann die \u00dcberweisung einfach und sicher durchgef\u00fchrt werden.<\/p>\n<\/li>\n<li data-start=\"1641\" data-end=\"1943\">\n<p data-start=\"1644\" data-end=\"1943\"><strong data-start=\"1644\" data-end=\"1687\">Unterst\u00fctzung per Bank\u00fcberweisung (IBAN-System)<\/strong><br data-start=\"1687\" data-end=\"1690\" \/>Das TISHK Zentrum f\u00fcr Studien \u00fcber Kurdistan ist offiziell in Deutschland registriert und verf\u00fcgt \u00fcber ein eigenes Bankkonto.<br data-start=\"2041\" data-end=\"2044\" \/>Wer eine \u00dcberweisung \u00fcber das IBAN-System t\u00e4tigen m\u00f6chte, findet die entsprechenden Bankverbindungsdaten in diesem Bereich.<\/p>\n<\/li>\n<\/ol>\n<\/div><\/div><\/div><div class=\"fusion-layout-column fusion_builder_column fusion-builder-column-2 fusion_builder_column_1_2 1_2 fusion-flex-column fusion-flex-align-self-flex-start\" style=\"--awb-padding-right:0px;--awb-bg-size:cover;--awb-width-large:50%;--awb-margin-top-large:0px;--awb-spacing-right-large:0%;--awb-margin-bottom-large:0px;--awb-spacing-left-large:4.75%;--awb-width-medium:50%;--awb-order-medium:0;--awb-spacing-right-medium:0%;--awb-spacing-left-medium:4.75%;--awb-width-small:100%;--awb-order-small:0;--awb-spacing-right-small:2.375%;--awb-spacing-left-small:2.375%;\"><div class=\"fusion-column-wrapper fusion-column-has-shadow fusion-flex-justify-content-center fusion-content-layout-column\"><div class=\"fusion-image-element \" style=\"text-align:center;--awb-aspect-ratio: 100 \/ 104;--awb-margin-bottom:25px;--awb-margin-left:50px;--awb-caption-title-font-family:var(--h2_typography-font-family);--awb-caption-title-font-weight:var(--h2_typography-font-weight);--awb-caption-title-font-style:var(--h2_typography-font-style);--awb-caption-title-size:var(--h2_typography-font-size);--awb-caption-title-transform:var(--h2_typography-text-transform);--awb-caption-title-line-height:var(--h2_typography-line-height);--awb-caption-title-letter-spacing:var(--h2_typography-letter-spacing);\"><span class=\" fusion-imageframe imageframe-none imageframe-1 hover-type-none has-aspect-ratio\"><img decoding=\"async\" src=\"data:image\/gif;base64,R0lGODlhAQABAAAAACH5BAEKAAEALAAAAAABAAEAAAICTAEAOw==\" data-orig-src=\"https:\/\/tishk.org\/wp-content\/uploads\/2023\/11\/01-English-280x300.png\" class=\"lazyload img-responsive img-with-aspect-ratio\" data-parent-fit=\"cover\" data-parent-container=\".fusion-image-element\" alt \/><\/span><\/div><div class=\"fusion-separator fusion-full-width-sep\" style=\"align-self: center;margin-left: auto;margin-right: auto;width:100%;\"><div class=\"fusion-separator-border sep-double\" style=\"--awb-height:20px;--awb-amount:20px;--awb-sep-color:var(--awb-color1);border-color:var(--awb-color1);border-top-width:1px;border-bottom-width:1px;\"><\/div><\/div><div class=\"awb-circles-info icons-on-outer-circle has-bg-color has-box-shadow\" style=\"--awb-icon-circle-color:var(--awb-custom_color_1);--awb-content-circle-color:var(--awb-custom_color_1);--awb-content-padding:35px;--awb-icon-bg-color:#0288d1;--awb-title-color:var(--awb-custom_color_4);--awb-background-color:var(--awb-color1);--awb-gradient-start-position:0%;--awb-gradient-end-position:100%;--awb-linear-angle:180deg;--awb-radial-direction:circle at center center;\" data-activation-type=\"mouseover\"><div class=\"awb-circles-info-wrapper\"><div class=\"awb-circles-info-icons-wrapper\"><div class=\"awb-circles-info-tab-link\" data-id=\"1\"><span><i class=\"fa-hand-holding-heart fas\"><\/i><\/span><\/div><div class=\"awb-circles-info-tab-link\" data-id=\"2\"><span><i class=\"fa-credit-card fas\"><\/i><\/span><\/div><div class=\"awb-circles-info-tab-link\" data-id=\"3\"><span><i class=\"fa-money-check-alt fas\"><\/i><\/span><\/div><div class=\"awb-circles-info-tab-link\" data-id=\"4\"><span><i class=\"fa-money-check-alt fas\"><\/i><\/span><\/div><\/div><div class=\"awb-circles-info-content-wrapper\"><div class=\"awb-circle-info awb-circles-info-content-area awb-circle-info-1\" data-id=\"1\" style=\"--awb-title-hover-color:var(--awb-custom_color_4);\"><div class=\"awb-circles-info-title\"><a href=\"https:\/\/www.paypal.com\/donate\/?hosted_button_id=ENM6B5EG86V2N\" target=\"_blank\">Support via PayPal<\/a><\/div><div class=\"awb-circles-info-text\">You can send your financial contributions through the official PayPal account of the TISHK Center for Kurdistan Studies.<\/div><\/div><div class=\"awb-circle-info awb-circles-info-content-area awb-circle-info-2\" data-id=\"2\" style=\"--awb-title-hover-color:var(--awb-custom_color_4);\"><div class=\"awb-circles-info-title\"><a href=\"https:\/\/www.paypal.com\/donate\/guest?token=j7wVPfWtwK3Vc-FQ-rgRDAgAA9DNE0yG-ScGUhW1zgJPmZMnothzV0zSBaIlcDo0gDWhfWN2dvIMWHeq\" target=\"_blank\">Support via MasterCard and Visa<\/a><\/div><div class=\"awb-circles-info-text\">For those who do not have a PayPal account, it is also possible to make direct payments using MasterCard or Visa credit cards. Simply use the designated payment link to complete your contribution easily.<\/div><\/div><div class=\"awb-circle-info awb-circles-info-content-area awb-circle-info-3\" data-id=\"3\" style=\"--awb-title-hover-color:var(--awb-custom_color_4);\"><div class=\"awb-circles-info-title\"><a href=\"https:\/\/tishk.org\/pe\/about\/\" target=\"_blank\">Support via Bank Transfer (IBAN System)<\/a><\/div><div class=\"awb-circles-info-text\">The Tishk Center for Kurdistan Studies is officially registered in Germany and has its own dedicated bank account.<\/div><\/div><div class=\"awb-circle-info awb-circles-info-content-area awb-circle-info-4\" data-id=\"4\" style=\"--awb-title-hover-color:var(--awb-custom_color_4);\"><div class=\"awb-circles-info-title\">\ud83d\udc9b 100 Supporters \u2013 Only \u20ac10 per Month: A Shared Goal!<\/div><\/div><\/div><\/div><\/div><\/div><\/div><\/div><\/div><div class=\"fusion-fullwidth fullwidth-box fusion-builder-row-3 fusion-flex-container has-pattern-background has-mask-background nonhundred-percent-fullwidth non-hundred-percent-height-scrolling\" style=\"--awb-border-radius-top-left:0px;--awb-border-radius-top-right:0px;--awb-border-radius-bottom-right:0px;--awb-border-radius-bottom-left:0px;--awb-flex-wrap:wrap;\" ><div class=\"fusion-builder-row fusion-row fusion-flex-align-items-flex-start fusion-flex-content-wrap\" style=\"max-width:1302px;margin-left: calc(-5% \/ 2 );margin-right: calc(-5% \/ 2 );\"><div class=\"fusion-layout-column fusion_builder_column fusion-builder-column-3 fusion_builder_column_1_1 1_1 fusion-flex-column\" style=\"--awb-bg-size:cover;--awb-width-large:100%;--awb-margin-top-large:0px;--awb-spacing-right-large:2.375%;--awb-margin-bottom-large:0px;--awb-spacing-left-large:2.375%;--awb-width-medium:100%;--awb-order-medium:0;--awb-spacing-right-medium:2.375%;--awb-spacing-left-medium:2.375%;--awb-width-small:100%;--awb-order-small:0;--awb-spacing-right-small:2.375%;--awb-spacing-left-small:2.375%;\"><div class=\"fusion-column-wrapper fusion-column-has-shadow fusion-flex-justify-content-flex-start fusion-content-layout-column\"><div class=\"fusion-flip-boxes flip-boxes row fusion-columns-1 flip-effect-classic\"><div class=\"fusion-flip-box-wrapper fusion-column col-lg-12 col-md-12 col-sm-12\"><div class=\"fusion-flip-box flip-right\" tabindex=\"0\"><div class=\"flip-box-inner-wrapper\"><div class=\"flip-box-front\" style=\"--awb-title-front-color:var(--awb-custom_color_1);\"><div class=\"flip-box-front-inner\"><h2 class=\"flip-box-heading without-text\">\ud83d\udc9b 100 F\u00f6rderer*innen \u2013 nur 10 \u20ac im Monat: Ein gemeinsames Ziel!<\/h2><\/div><\/div><div class=\"flip-box-back\" style=\"--awb-title-back-color:var(--awb-custom_color_1);\"><div class=\"flip-box-back-inner\"><h3 class=\"flip-box-heading-back\">\ud83d\udd38 Wirst Du Teil dieser Initiative?<\/h3>\n<p><strong>Wir suchen 100 F\u00f6rderinnen und F\u00f6rderer f\u00fcr unser Zentrum, die bereit sind, mit einem regelm\u00e4\u00dfigen Beitrag von nur 10 \u20ac pro Monat die Arbeit des Zentrums nachhaltig zu unterst\u00fctzen.<\/strong><\/p>\n<\/div><\/div><\/div><\/div><\/div><\/div><div class=\"fusion-separator fusion-full-width-sep\" style=\"align-self: center;margin-left: auto;margin-right: auto;width:100%;\"><div class=\"fusion-separator-border sep-double\" style=\"--awb-height:20px;--awb-amount:20px;--awb-sep-color:var(--awb-custom_color_3);border-color:var(--awb-custom_color_3);border-top-width:3px;border-bottom-width:3px;\"><\/div><\/div><div class=\"fusion-content-boxes content-boxes columns row fusion-columns-3 fusion-columns-total-3 fusion-content-boxes-1 content-boxes-clean-horizontal content-left content-boxes-icon-on-side fusion-delayed-animation\" style=\"--awb-backgroundcolor:var(--awb-color2);--awb-body-color:var(--awb-color7);--awb-title-color:var(--awb-color8);--awb-iconcolor:var(--awb-color1);--awb-margin-bottom:0px;--awb-hover-accent-color:var(--awb-color8);--awb-circle-hover-accent-color:var(--awb-color8);\" data-animation-delay=\"500\" data-animationOffset=\"top-into-view\"><div style=\"--awb-backgroundcolor:var(--awb-custom_color_2);--awb-iconcolor:var(--awb-color1);--awb-content-padding-left:68px;border-color:rgba(255,255,255,0);\" class=\"fusion-column content-box-column content-box-column content-box-column-1 col-lg-4 col-md-4 col-sm-4 fusion-content-box-hover content-box-column-first-in-row\"><div class=\"col content-box-wrapper content-wrapper-background link-area-link-icon link-type-text icon-hover-animation-slide fusion-animated\" data-animationType=\"fadeInLeft\" data-animationDuration=\"2.0\" data-animationOffset=\"top-into-view\"><div class=\"heading heading-with-icon icon-left\"><a class=\"heading-link\" href=\"https:\/\/tishk.org\/de\/foerderinnen\/\" target=\"_self\"><div class=\"icon\" style=\"-webkit-animation-duration: 500ms;animation-duration: 500ms;\"><i style=\"border-color:var(--awb-color8);border-width:0px;background-color:#007c89;box-sizing:content-box;height:48px;width:48px;line-height:48px;border-radius:8px;font-size:24px;\" aria-hidden=\"true\" class=\"fontawesome-icon fa-book-open fas circle-yes\"><\/i><\/div><h3 class=\"content-box-heading\" style=\"--h3_typography-font-size:24px;line-height:29px;padding-left:68px;\">\ud83d\udc9b100 F\u00f6rder*innen<\/h3><\/a><\/div><div class=\"fusion-clearfix\"><\/div><div class=\"content-container\">\n<p style=\"text-align: justify;\" data-start=\"931\" data-end=\"1056\">Das TISHK Zentrum f\u00fcr Studien \u00fcber Kurdistan hat die Kampagne \u201a100 F\u00f6rderer*innen ins Leben gerufen, um seine Aktivit\u00e4ten zu st\u00e4rken. Unser Ziel ist es, 100 Personen zu gewinnen, die sich bereit erkl\u00e4ren, monatlich lediglich 10 \u20ac zu spenden. Als Zeichen unserer Wertsch\u00e4tzung wird f\u00fcr unsere Unterst\u00fctzer*innen ein besonderes Profil auf der offiziellen Website des Zentrums ver\u00f6ffentlicht.,<\/p>\n<\/div><\/div><\/div><div style=\"--awb-backgroundcolor:var(--awb-custom_color_2);--awb-iconcolor:var(--awb-color1);--awb-content-padding-left:68px;border-color:rgba(255,255,255,0);\" class=\"fusion-column content-box-column content-box-column content-box-column-2 col-lg-4 col-md-4 col-sm-4 fusion-content-box-hover \"><div class=\"col content-box-wrapper content-wrapper-background link-area-link-icon link-type-text icon-hover-animation-slide fusion-animated\" data-animationType=\"fadeInLeft\" data-animationDuration=\"2.0\" data-animationOffset=\"top-into-view\"><div class=\"heading heading-with-icon icon-left\"><a class=\"heading-link\" href=\"https:\/\/tishk.org\/de\/bankueberweisung\/\" target=\"_self\"><div class=\"icon\" style=\"-webkit-animation-duration: 500ms;animation-duration: 500ms;\"><i style=\"border-color:var(--awb-color8);border-width:0px;background-color:#007c89;box-sizing:content-box;height:48px;width:48px;line-height:48px;border-radius:8px;font-size:24px;\" aria-hidden=\"true\" class=\"fontawesome-icon fa-address-card fas circle-yes\"><\/i><\/div><h3 class=\"content-box-heading\" style=\"--h3_typography-font-size:24px;line-height:29px;padding-left:68px;\">\ud83d\udc9b Unterst\u00fctzen Sie TISHK per Bank\u00fcberweisung<\/h3><\/a><\/div><div class=\"fusion-clearfix\"><\/div><div class=\"content-container\">\n<p style=\"text-align: justify;\">Sie k\u00f6nnen TISHK auch unterst\u00fctzen, indem Sie einen Dauerauftrag einrichten oder regelm\u00e4\u00dfige \u00dcberweisungen direkt auf unsere Bankkonten in Deutschland, Belgien, Gro\u00dfbritannien, Kanada und anderen L\u00e4ndern vornehmen.<br \/>\nW\u00e4hlen Sie das f\u00fcr Sie g\u00fcnstigste Konto aus und leisten Sie Ihren Beitrag sicher \u00fcber Ihre eigene Bank.<\/p>\n<\/div><\/div><\/div><div style=\"--awb-backgroundcolor:var(--awb-custom_color_2);--awb-iconcolor:var(--awb-color1);--awb-content-padding-left:68px;border-color:rgba(255,255,255,0);\" class=\"fusion-column content-box-column content-box-column content-box-column-3 col-lg-4 col-md-4 col-sm-4 fusion-content-box-hover content-box-column-last content-box-column-last-in-row\"><div class=\"col content-box-wrapper content-wrapper-background link-area-link-icon link-type-text icon-hover-animation-slide fusion-animated\" data-animationType=\"fadeInLeft\" data-animationDuration=\"2.0\" data-animationOffset=\"top-into-view\"><div class=\"heading heading-with-icon icon-left\"><a class=\"heading-link\" href=\"https:\/\/tishk.org\/de\/mitmachen\/\" target=\"_self\"><div class=\"icon\" style=\"-webkit-animation-duration: 500ms;animation-duration: 500ms;\"><i style=\"border-color:var(--awb-color8);border-width:0px;background-color:#007c89;box-sizing:content-box;height:48px;width:48px;line-height:48px;border-radius:8px;font-size:24px;\" aria-hidden=\"true\" class=\"fontawesome-icon fa-th-list fas circle-yes\"><\/i><\/div><h3 class=\"content-box-heading\" style=\"--h3_typography-font-size:24px;line-height:29px;padding-left:68px;\">\ud83d\udd38 Werden Sie Teil dieses Zentrums!<\/h3><\/a><\/div><div class=\"fusion-clearfix\"><\/div><div class=\"content-container\">\n<p data-start=\"977\" data-end=\"1129\">Mit dem diesem Formular k\u00f6nnen Sie ganz einfach F\u00f6rdermitglied von TISHK werden.<br \/>\n\u00dcberweisen Sie Ihre monatlichen Beitr\u00e4ge sicher \u00fcber PayPal, verschiedene Kreditkarten oder direkte Bank\u00fcberweisungen.<\/p>\n<\/div><\/div><\/div><div class=\"fusion-clearfix\"><\/div><\/div><\/div><\/div><\/div><\/div><\/p>\n","protected":false},"excerpt":{"rendered":"","protected":false},"author":1,"featured_media":0,"parent":0,"menu_order":0,"comment_status":"closed","ping_status":"closed","template":"","meta":{"_acf_changed":false,"give_campaign_id":0,"footnotes":""},"class_list":["post-2208","page","type-page","status-publish","hentry"],"acf":[],"campaignId":"","jetpack_sharing_enabled":true,"_links":{"self":[{"href":"https:\/\/tishk.org\/de\/wp-json\/wp\/v2\/pages\/2208","targetHints":{"allow":["GET"]}}],"collection":[{"href":"https:\/\/tishk.org\/de\/wp-json\/wp\/v2\/pages"}],"about":[{"href":"https:\/\/tishk.org\/de\/wp-json\/wp\/v2\/types\/page"}],"author":[{"embeddable":true,"href":"https:\/\/tishk.org\/de\/wp-json\/wp\/v2\/users\/1"}],"replies":[{"embeddable":true,"href":"https:\/\/tishk.org\/de\/wp-json\/wp\/v2\/comments?post=2208"}],"version-history":[{"count":14,"href":"https:\/\/tishk.org\/de\/wp-json\/wp\/v2\/pages\/2208\/revisions"}],"predecessor-version":[{"id":3742,"href":"https:\/\/tishk.org\/de\/wp-json\/wp\/v2\/pages\/2208\/revisions\/3742"}],"wp:attachment":[{"href":"https:\/\/tishk.org\/de\/wp-json\/wp\/v2\/media?parent=2208"}],"curies":[{"name":"wp","href":"https:\/\/api.w.org\/{rel}","templated":true}]}}