{"id":3009,"date":"2024-01-23T21:47:08","date_gmt":"2024-01-23T21:47:08","guid":{"rendered":"https:\/\/tishk.org\/de\/?page_id=3009"},"modified":"2025-07-26T17:05:12","modified_gmt":"2025-07-26T15:05:12","slug":"news","status":"publish","type":"page","link":"https:\/\/tishk.org\/de\/news\/","title":{"rendered":"News"},"content":{"rendered":"<div class=\"fusion-fullwidth fullwidth-box fusion-builder-row-1 fusion-flex-container has-pattern-background has-mask-background nonhundred-percent-fullwidth non-hundred-percent-height-scrolling\" style=\"--awb-border-radius-top-left:0px;--awb-border-radius-top-right:0px;--awb-border-radius-bottom-right:0px;--awb-border-radius-bottom-left:0px;--awb-margin-bottom:40px;--awb-flex-wrap:wrap;\" ><div class=\"fusion-builder-row fusion-row fusion-flex-align-items-flex-start fusion-flex-content-wrap\" style=\"max-width:1302px;margin-left: calc(-5% \/ 2 );margin-right: calc(-5% \/ 2 );\"><div class=\"fusion-layout-column fusion_builder_column fusion-builder-column-0 fusion_builder_column_1_1 1_1 fusion-flex-column\" style=\"--awb-bg-size:cover;--awb-width-large:100%;--awb-margin-top-large:0px;--awb-spacing-right-large:2.375%;--awb-margin-bottom-large:0px;--awb-spacing-left-large:2.375%;--awb-width-medium:100%;--awb-order-medium:0;--awb-spacing-right-medium:2.375%;--awb-spacing-left-medium:2.375%;--awb-width-small:100%;--awb-order-small:0;--awb-spacing-right-small:2.375%;--awb-spacing-left-small:2.375%;\"><div class=\"fusion-column-wrapper fusion-column-has-shadow fusion-flex-justify-content-flex-start fusion-content-layout-column\"><div class=\"fusion-blog-shortcode fusion-blog-shortcode-1 fusion-blog-archive fusion-blog-layout-large fusion-blog-no\" style=\"--awb-title-font-family:&quot;shasenem&quot;;\"><div class=\"fusion-posts-container fusion-posts-container-no fusion-blog-rollover\" data-pages=\"11\"><article id=\"blog-1-post-3923\" class=\"fusion-post-large post-3923 post type-post status-publish format-standard has-post-thumbnail hentry category-kurdistan-agora tag-autoritarismus-protestbewegungen-politische-repraesentation-monarchismus-demokratischer-pluralismus tag-davoud-osmanzadeh tag-iran tag-kurdistan-agora tag-news tag-pahlavi\">\n\t<style type=\"text\/css\">\n\t\t\n\t\t\n\t\t\n\t\t\n\t\t\t<\/style>\n\n\n\t\t\t<div class=\"fusion-flexslider flexslider fusion-flexslider-loading fusion-post-slideshow\" style=\"\">\n\t\t<ul class=\"slides\">\n\t\t\t\n\t\t\t\t\t\t\t\t\t\t\t\t\t\t<li><div  class=\"fusion-image-wrapper\" aria-haspopup=\"true\">\n\t\t\t\t<img decoding=\"async\" width=\"1600\" height=\"900\" src=\"https:\/\/tishk.org\/de\/wp-content\/uploads\/sites\/3\/2026\/01\/Warum-die-Monarchie-die-schlechteste-Alternative-zur-Islamischen-Republik-im-Iran-ist-web.jpeg\" class=\"attachment-full size-full lazyload wp-post-image\" alt=\"\" srcset=\"data:image\/svg+xml,%3Csvg%20xmlns%3D%27http%3A%2F%2Fwww.w3.org%2F2000%2Fsvg%27%20width%3D%271600%27%20height%3D%27900%27%20viewBox%3D%270%200%201600%20900%27%3E%3Crect%20width%3D%271600%27%20height%3D%27900%27%20fill-opacity%3D%220%22%2F%3E%3C%2Fsvg%3E\" data-orig-src=\"https:\/\/tishk.org\/de\/wp-content\/uploads\/sites\/3\/2026\/01\/Warum-die-Monarchie-die-schlechteste-Alternative-zur-Islamischen-Republik-im-Iran-ist-web.jpeg\" data-srcset=\"https:\/\/tishk.org\/de\/wp-content\/uploads\/sites\/3\/2026\/01\/Warum-die-Monarchie-die-schlechteste-Alternative-zur-Islamischen-Republik-im-Iran-ist-web-200x113.jpeg 200w, https:\/\/tishk.org\/de\/wp-content\/uploads\/sites\/3\/2026\/01\/Warum-die-Monarchie-die-schlechteste-Alternative-zur-Islamischen-Republik-im-Iran-ist-web-400x225.jpeg 400w, https:\/\/tishk.org\/de\/wp-content\/uploads\/sites\/3\/2026\/01\/Warum-die-Monarchie-die-schlechteste-Alternative-zur-Islamischen-Republik-im-Iran-ist-web-600x338.jpeg 600w, https:\/\/tishk.org\/de\/wp-content\/uploads\/sites\/3\/2026\/01\/Warum-die-Monarchie-die-schlechteste-Alternative-zur-Islamischen-Republik-im-Iran-ist-web-800x450.jpeg 800w, https:\/\/tishk.org\/de\/wp-content\/uploads\/sites\/3\/2026\/01\/Warum-die-Monarchie-die-schlechteste-Alternative-zur-Islamischen-Republik-im-Iran-ist-web-1200x675.jpeg 1200w, https:\/\/tishk.org\/de\/wp-content\/uploads\/sites\/3\/2026\/01\/Warum-die-Monarchie-die-schlechteste-Alternative-zur-Islamischen-Republik-im-Iran-ist-web.jpeg 1600w\" data-sizes=\"auto\" \/><div class=\"fusion-rollover\">\n\t<div class=\"fusion-rollover-content\">\n\n\t\t\t\t\t\t\t\t\t\t\t\t\t\t<a class=\"fusion-rollover-link\" href=\"https:\/\/tishk.org\/de\/2026\/01\/18\/warum-die-monarchie-die-schlechteste-alternative-zur-islamischen-republik-im-iran-ist\/\">Warum die Monarchie die schlechteste Alternative zur Islamischen Republik im Iran ist<\/a>\n\t\t\t\n\t\t\t\t\t\t\t\t\t\t\t\t\t\t\n\t\t\t\t\t\t\t\t\n\t\t\t\t\t\t\t\t\t\t\t\t\t<div class=\"fusion-rollover-sep\"><\/div>\n\t\t\t\t\n\t\t\t\t\t\t\t\t\t\t\t\t\t\t\t\t\t\t<a class=\"fusion-rollover-gallery\" href=\"https:\/\/tishk.org\/de\/wp-content\/uploads\/sites\/3\/2026\/01\/Warum-die-Monarchie-die-schlechteste-Alternative-zur-Islamischen-Republik-im-Iran-ist-web.jpeg\" data-options=\"\" data-id=\"3923\" data-rel=\"iLightbox[gallery]\" data-title=\"Warum die Monarchie die schlechteste Alternative zur Islamischen Republik im Iran ist web\" data-caption=\"Foto vom Beitrag: Warum die Monarchie die schlechteste Alternative zur Islamischen Republik im Iran ist \">\n\t\t\t\t\t\tGallery\t\t\t\t\t<\/a>\n\t\t\t\t\t\t\t\t\t\t\t\t\t\t\n\t\t\n\t\t\t\t\t\t\t\t\t\t\t\t<h4 class=\"fusion-rollover-title\">\n\t\t\t\t\t<a class=\"fusion-rollover-title-link\" href=\"https:\/\/tishk.org\/de\/2026\/01\/18\/warum-die-monarchie-die-schlechteste-alternative-zur-islamischen-republik-im-iran-ist\/\">\n\t\t\t\t\t\tWarum die Monarchie die schlechteste Alternative zur Islamischen Republik im Iran ist\t\t\t\t\t<\/a>\n\t\t\t\t<\/h4>\n\t\t\t\n\t\t\t\t\t\t\t\t\t\t<div class=\"fusion-rollover-categories\"><a href=\"https:\/\/tishk.org\/de\/category\/kurdistan-agora\/\" rel=\"tag\">Kurdistan Agora<\/a><\/div>\t\t\t\t\t\n\t\t\n\t\t\t\t\t\t<a class=\"fusion-link-wrapper\" href=\"https:\/\/tishk.org\/de\/2026\/01\/18\/warum-die-monarchie-die-schlechteste-alternative-zur-islamischen-republik-im-iran-ist\/\" aria-label=\"Warum die Monarchie die schlechteste Alternative zur Islamischen Republik im Iran ist\"><\/a>\n\t<\/div>\n<\/div>\n<\/div>\n<\/li>\n\t\t\t\n\t\t\t\n\t\t\t\t\t\t\t\t\t\t\t\t\t\t\t\t\t\t\t\t\t\t\t\t\t\t\t\t\t\t\t\t\t\t\t\t\t\t\t\t\t\t\t\t\t\t\t\t\t\t\t\t\t\t\t\t\t\t\t\t\t\t\t\t\t\t\t\t<\/ul>\n\t<\/div>\n\t<div class=\"fusion-post-content post-content\"><h6 class=\"blog-shortcode-post-title entry-title\"><a href=\"https:\/\/tishk.org\/de\/2026\/01\/18\/warum-die-monarchie-die-schlechteste-alternative-zur-islamischen-republik-im-iran-ist\/\">Warum die Monarchie die schlechteste Alternative zur Islamischen Republik im Iran ist<\/a><\/h6><div class=\"fusion-post-content-container\"><p> Davoud Osmanzadeh Doktorand in Soziologie und Sozialanthropologie| Central European University | Wien, \u00d6sterreich. Online ver\u00f6ffentlicht von TISHK Zentrum f\u00fcr Kurdistan Studien: Bonn, 18. Januar 2026     Zusammenfassung Dieser Essay analysiert den Protestzyklus, der Ende Dezember 2025 im Iran begann, und verortet ihn innerhalb einer jahrhundertelangen Geschichte autorit\u00e4rer Staatsbildung und umk\u00e4mpfter politischer [...]<\/p><\/div><\/div><div class=\"fusion-clearfix\"><\/div><div class=\"fusion-meta-info\"><span class=\"vcard\" style=\"display: none;\"><span class=\"fn\"><a href=\"https:\/\/tishk.org\/de\/author\/siamoha2021\/\" title=\"Beitr\u00e4ge von \u0633\u0627\u0646\" rel=\"author\">\u0633\u0627\u0646<\/a><\/span><\/span><span class=\"updated\" style=\"display:none;\">2026-01-18T03:59:59+01:00<\/span><div class=\"fusion-alignright\"><a class=\"fusion-read-more\" href=\"https:\/\/tishk.org\/de\/2026\/01\/18\/warum-die-monarchie-die-schlechteste-alternative-zur-islamischen-republik-im-iran-ist\/\" aria-label=\"More on Warum die Monarchie die schlechteste Alternative zur Islamischen Republik im Iran ist\">Read More<\/a><\/div><\/div><\/article>\n<\/div><\/div><div class=\"fusion-recent-posts fusion-recent-posts-1 avada-container layout-default layout-columns-3\"><section class=\"fusion-columns columns fusion-columns-3 columns-3\"><article class=\"post fusion-column column col col-lg-4 col-md-4 col-sm-4\"><div class=\"fusion-flexslider fusion-flexslider-loading flexslider flexslider-hover-type-none\"><ul class=\"slides\"><li><a href=\"https:\/\/tishk.org\/de\/2026\/01\/18\/warum-die-monarchie-die-schlechteste-alternative-zur-islamischen-republik-im-iran-ist\/\" aria-label=\"Warum die Monarchie die schlechteste Alternative zur Islamischen Republik im Iran ist\" class=\"hover-type-none\"><img decoding=\"async\" width=\"700\" height=\"441\" src=\"https:\/\/tishk.org\/de\/wp-content\/uploads\/sites\/3\/2026\/01\/Warum-die-Monarchie-die-schlechteste-Alternative-zur-Islamischen-Republik-im-Iran-ist-web-700x441.jpeg\" class=\"attachment-recent-posts size-recent-posts lazyload\" alt=\"\" srcset=\"data:image\/svg+xml,%3Csvg%20xmlns%3D%27http%3A%2F%2Fwww.w3.org%2F2000%2Fsvg%27%20width%3D%271600%27%20height%3D%27900%27%20viewBox%3D%270%200%201600%20900%27%3E%3Crect%20width%3D%271600%27%20height%3D%27900%27%20fill-opacity%3D%220%22%2F%3E%3C%2Fsvg%3E\" data-orig-src=\"https:\/\/tishk.org\/de\/wp-content\/uploads\/sites\/3\/2026\/01\/Warum-die-Monarchie-die-schlechteste-Alternative-zur-Islamischen-Republik-im-Iran-ist-web-700x441.jpeg\" data-srcset=\"https:\/\/tishk.org\/de\/wp-content\/uploads\/sites\/3\/2026\/01\/Warum-die-Monarchie-die-schlechteste-Alternative-zur-Islamischen-Republik-im-Iran-ist-web-320x202.jpeg 320w, https:\/\/tishk.org\/de\/wp-content\/uploads\/sites\/3\/2026\/01\/Warum-die-Monarchie-die-schlechteste-Alternative-zur-Islamischen-Republik-im-Iran-ist-web-700x441.jpeg 700w\" data-sizes=\"auto\" \/><\/a><\/li><\/ul><\/div><div class=\"recent-posts-content\"><span class=\"vcard\" style=\"display: none;\"><span class=\"fn\"><a href=\"https:\/\/tishk.org\/de\/author\/siamoha2021\/\" title=\"Beitr\u00e4ge von \u0633\u0627\u0646\" rel=\"author\">\u0633\u0627\u0646<\/a><\/span><\/span><span class=\"updated\" style=\"display:none;\">2026-01-18T03:59:59+01:00<\/span><h4 class=\"entry-title\"><a href=\"https:\/\/tishk.org\/de\/2026\/01\/18\/warum-die-monarchie-die-schlechteste-alternative-zur-islamischen-republik-im-iran-ist\/\">Warum die Monarchie die schlechteste Alternative zur Islamischen Republik im Iran ist<\/a><\/h4><\/div><\/article><article class=\"post fusion-column column col col-lg-4 col-md-4 col-sm-4\"><div class=\"fusion-flexslider fusion-flexslider-loading flexslider flexslider-hover-type-none\"><ul class=\"slides\"><li><a href=\"https:\/\/tishk.org\/de\/2025\/07\/30\/oekozid-in-ostkurdistan-wenn-umweltschutz-zum-widerstand-wird\/\" aria-label=\"\u00d6kozid in Ostkurdistan; Wenn Umweltschutz zum Widerstand wird\" class=\"hover-type-none\"><img decoding=\"async\" width=\"600\" height=\"300\" src=\"https:\/\/tishk.org\/de\/wp-content\/uploads\/sites\/3\/2025\/07\/WhatsApp-Bild-2025-07-29-um-23.35.56_5f3c7e93.jpg\" class=\"attachment-recent-posts size-recent-posts lazyload\" alt=\"\" srcset=\"data:image\/svg+xml,%3Csvg%20xmlns%3D%27http%3A%2F%2Fwww.w3.org%2F2000%2Fsvg%27%20width%3D%27600%27%20height%3D%27300%27%20viewBox%3D%270%200%20600%20300%27%3E%3Crect%20width%3D%27600%27%20height%3D%27300%27%20fill-opacity%3D%220%22%2F%3E%3C%2Fsvg%3E\" data-orig-src=\"https:\/\/tishk.org\/de\/wp-content\/uploads\/sites\/3\/2025\/07\/WhatsApp-Bild-2025-07-29-um-23.35.56_5f3c7e93.jpg\" data-srcset=\"https:\/\/tishk.org\/de\/wp-content\/uploads\/sites\/3\/2025\/07\/WhatsApp-Bild-2025-07-29-um-23.35.56_5f3c7e93-200x100.jpg 200w, https:\/\/tishk.org\/de\/wp-content\/uploads\/sites\/3\/2025\/07\/WhatsApp-Bild-2025-07-29-um-23.35.56_5f3c7e93-300x150.jpg 300w, https:\/\/tishk.org\/de\/wp-content\/uploads\/sites\/3\/2025\/07\/WhatsApp-Bild-2025-07-29-um-23.35.56_5f3c7e93-400x200.jpg 400w, https:\/\/tishk.org\/de\/wp-content\/uploads\/sites\/3\/2025\/07\/WhatsApp-Bild-2025-07-29-um-23.35.56_5f3c7e93-500x250.jpg 500w, https:\/\/tishk.org\/de\/wp-content\/uploads\/sites\/3\/2025\/07\/WhatsApp-Bild-2025-07-29-um-23.35.56_5f3c7e93.jpg 600w\" data-sizes=\"auto\" \/><\/a><\/li><\/ul><\/div><div class=\"recent-posts-content\"><span class=\"vcard\" style=\"display: none;\"><span class=\"fn\"><a href=\"https:\/\/tishk.org\/de\/author\/siamoha2021\/\" title=\"Beitr\u00e4ge von \u0633\u0627\u0646\" rel=\"author\">\u0633\u0627\u0646<\/a><\/span><\/span><span class=\"updated\" style=\"display:none;\">2026-01-18T04:01:33+01:00<\/span><h4 class=\"entry-title\"><a href=\"https:\/\/tishk.org\/de\/2025\/07\/30\/oekozid-in-ostkurdistan-wenn-umweltschutz-zum-widerstand-wird\/\">\u00d6kozid in Ostkurdistan; Wenn Umweltschutz zum Widerstand wird<\/a><\/h4><\/div><\/article><article class=\"post fusion-column column col col-lg-4 col-md-4 col-sm-4\"><div class=\"fusion-flexslider fusion-flexslider-loading flexslider flexslider-hover-type-none\"><ul class=\"slides\"><li><a href=\"https:\/\/tishk.org\/de\/2025\/07\/28\/voelkerrecht-und-das-recht-auf-selbstbestimmung-der-kurdische-fall-im-iran\/\" aria-label=\"V\u00f6lkerrecht und das Recht auf Selbstbestimmung: Der kurdische Fall im Iran\" class=\"hover-type-none\"><img decoding=\"async\" width=\"600\" height=\"300\" src=\"https:\/\/tishk.org\/de\/wp-content\/uploads\/sites\/3\/2025\/07\/Photo-for-Opinions-on-Website-copy-24.-April-2024-um-14.02-2.png\" class=\"attachment-recent-posts size-recent-posts lazyload\" alt=\"\" srcset=\"data:image\/svg+xml,%3Csvg%20xmlns%3D%27http%3A%2F%2Fwww.w3.org%2F2000%2Fsvg%27%20width%3D%27600%27%20height%3D%27300%27%20viewBox%3D%270%200%20600%20300%27%3E%3Crect%20width%3D%27600%27%20height%3D%27300%27%20fill-opacity%3D%220%22%2F%3E%3C%2Fsvg%3E\" data-orig-src=\"https:\/\/tishk.org\/de\/wp-content\/uploads\/sites\/3\/2025\/07\/Photo-for-Opinions-on-Website-copy-24.-April-2024-um-14.02-2.png\" data-srcset=\"https:\/\/tishk.org\/de\/wp-content\/uploads\/sites\/3\/2025\/07\/Photo-for-Opinions-on-Website-copy-24.-April-2024-um-14.02-2-200x100.png 200w, https:\/\/tishk.org\/de\/wp-content\/uploads\/sites\/3\/2025\/07\/Photo-for-Opinions-on-Website-copy-24.-April-2024-um-14.02-2-300x150.png 300w, https:\/\/tishk.org\/de\/wp-content\/uploads\/sites\/3\/2025\/07\/Photo-for-Opinions-on-Website-copy-24.-April-2024-um-14.02-2-400x200.png 400w, https:\/\/tishk.org\/de\/wp-content\/uploads\/sites\/3\/2025\/07\/Photo-for-Opinions-on-Website-copy-24.-April-2024-um-14.02-2-500x250.png 500w, https:\/\/tishk.org\/de\/wp-content\/uploads\/sites\/3\/2025\/07\/Photo-for-Opinions-on-Website-copy-24.-April-2024-um-14.02-2.png 600w\" data-sizes=\"auto\" \/><\/a><\/li><\/ul><\/div><div class=\"recent-posts-content\"><span class=\"vcard\" style=\"display: none;\"><span class=\"fn\"><a href=\"https:\/\/tishk.org\/de\/author\/siamoha2021\/\" title=\"Beitr\u00e4ge von \u0633\u0627\u0646\" rel=\"author\">\u0633\u0627\u0646<\/a><\/span><\/span><span class=\"updated\" style=\"display:none;\">2026-01-18T04:01:45+01:00<\/span><h4 class=\"entry-title\"><a href=\"https:\/\/tishk.org\/de\/2025\/07\/28\/voelkerrecht-und-das-recht-auf-selbstbestimmung-der-kurdische-fall-im-iran\/\">V\u00f6lkerrecht und das Recht auf Selbstbestimmung: Der kurdische Fall im Iran<\/a><\/h4><\/div><\/article><article class=\"post fusion-column column col col-lg-4 col-md-4 col-sm-4\"><div class=\"fusion-flexslider fusion-flexslider-loading flexslider flexslider-hover-type-none\"><ul class=\"slides\"><li><a href=\"https:\/\/tishk.org\/de\/2025\/03\/20\/neujahrsgruss-des-tishk-zentrums-fuer-studien-ueber-kurdistan\/\" aria-label=\"Neujahrsgru\u00df des TISHK Zentrums f\u00fcr Studien \u00fcber Kurdistan\" class=\"hover-type-none\"><img decoding=\"async\" width=\"600\" height=\"300\" src=\"https:\/\/tishk.org\/de\/wp-content\/uploads\/sites\/3\/2025\/03\/\u0642\u0627\u06b5\u0628-\u0628\u06c6-\u0648\u062a\u0627\u0631\u06cc-\u06a9\u0648\u0631\u062f\u06cc.12-3-1.png\" class=\"attachment-recent-posts size-recent-posts lazyload\" alt=\"Neujahrsgru\u00df des TISHK Zentrums f\u00fcr Studien \u00fcber Kurdistan\" srcset=\"data:image\/svg+xml,%3Csvg%20xmlns%3D%27http%3A%2F%2Fwww.w3.org%2F2000%2Fsvg%27%20width%3D%27600%27%20height%3D%27300%27%20viewBox%3D%270%200%20600%20300%27%3E%3Crect%20width%3D%27600%27%20height%3D%27300%27%20fill-opacity%3D%220%22%2F%3E%3C%2Fsvg%3E\" data-orig-src=\"https:\/\/tishk.org\/de\/wp-content\/uploads\/sites\/3\/2025\/03\/\u0642\u0627\u06b5\u0628-\u0628\u06c6-\u0648\u062a\u0627\u0631\u06cc-\u06a9\u0648\u0631\u062f\u06cc.12-3-1.png\" data-srcset=\"https:\/\/tishk.org\/de\/wp-content\/uploads\/sites\/3\/2025\/03\/\u0642\u0627\u06b5\u0628-\u0628\u06c6-\u0648\u062a\u0627\u0631\u06cc-\u06a9\u0648\u0631\u062f\u06cc.12-3-1-200x100.png 200w, https:\/\/tishk.org\/de\/wp-content\/uploads\/sites\/3\/2025\/03\/\u0642\u0627\u06b5\u0628-\u0628\u06c6-\u0648\u062a\u0627\u0631\u06cc-\u06a9\u0648\u0631\u062f\u06cc.12-3-1-300x150.png 300w, https:\/\/tishk.org\/de\/wp-content\/uploads\/sites\/3\/2025\/03\/\u0642\u0627\u06b5\u0628-\u0628\u06c6-\u0648\u062a\u0627\u0631\u06cc-\u06a9\u0648\u0631\u062f\u06cc.12-3-1-400x200.png 400w, https:\/\/tishk.org\/de\/wp-content\/uploads\/sites\/3\/2025\/03\/\u0642\u0627\u06b5\u0628-\u0628\u06c6-\u0648\u062a\u0627\u0631\u06cc-\u06a9\u0648\u0631\u062f\u06cc.12-3-1-500x250.png 500w, https:\/\/tishk.org\/de\/wp-content\/uploads\/sites\/3\/2025\/03\/\u0642\u0627\u06b5\u0628-\u0628\u06c6-\u0648\u062a\u0627\u0631\u06cc-\u06a9\u0648\u0631\u062f\u06cc.12-3-1.png 600w\" data-sizes=\"auto\" \/><\/a><\/li><\/ul><\/div><div class=\"recent-posts-content\"><span class=\"vcard\" style=\"display: none;\"><span class=\"fn\"><a href=\"https:\/\/tishk.org\/de\/author\/siamoha2021\/\" title=\"Beitr\u00e4ge von \u0633\u0627\u0646\" rel=\"author\">\u0633\u0627\u0646<\/a><\/span><\/span><span class=\"updated\" style=\"display:none;\">2025-03-20T12:05:35+01:00<\/span><h4 class=\"entry-title\"><a href=\"https:\/\/tishk.org\/de\/2025\/03\/20\/neujahrsgruss-des-tishk-zentrums-fuer-studien-ueber-kurdistan\/\">Neujahrsgru\u00df des TISHK Zentrums f\u00fcr Studien \u00fcber Kurdistan<\/a><\/h4><\/div><\/article><article class=\"post fusion-column column col col-lg-4 col-md-4 col-sm-4\"><div class=\"fusion-flexslider fusion-flexslider-loading flexslider flexslider-hover-type-none\"><ul class=\"slides\"><li><a href=\"https:\/\/tishk.org\/de\/2024\/12\/10\/buchlesung-und-diskussion-good-morning-jina-ein-kritischer-blick-auf-die-jina-revolution\/\" aria-label=\"Buchlesung und Diskussion: Good Morning Jina; Ein kritischer Blick auf die Jina-Revolution\" class=\"hover-type-none\"><img decoding=\"async\" width=\"700\" height=\"441\" src=\"https:\/\/tishk.org\/de\/wp-content\/uploads\/sites\/3\/2024\/12\/TISHK-Seminar-Series-web-1-1200x675-1-700x441.webp\" class=\"attachment-recent-posts size-recent-posts lazyload\" alt=\"\" srcset=\"data:image\/svg+xml,%3Csvg%20xmlns%3D%27http%3A%2F%2Fwww.w3.org%2F2000%2Fsvg%27%20width%3D%271200%27%20height%3D%27675%27%20viewBox%3D%270%200%201200%20675%27%3E%3Crect%20width%3D%271200%27%20height%3D%27675%27%20fill-opacity%3D%220%22%2F%3E%3C%2Fsvg%3E\" data-orig-src=\"https:\/\/tishk.org\/de\/wp-content\/uploads\/sites\/3\/2024\/12\/TISHK-Seminar-Series-web-1-1200x675-1-700x441.webp\" data-srcset=\"https:\/\/tishk.org\/de\/wp-content\/uploads\/sites\/3\/2024\/12\/TISHK-Seminar-Series-web-1-1200x675-1-320x202.webp 320w, https:\/\/tishk.org\/de\/wp-content\/uploads\/sites\/3\/2024\/12\/TISHK-Seminar-Series-web-1-1200x675-1-700x441.webp 700w\" data-sizes=\"auto\" \/><\/a><\/li><\/ul><\/div><div class=\"recent-posts-content\"><span class=\"vcard\" style=\"display: none;\"><span class=\"fn\"><a href=\"https:\/\/tishk.org\/de\/author\/siamoha2021\/\" title=\"Beitr\u00e4ge von \u0633\u0627\u0646\" rel=\"author\">\u0633\u0627\u0646<\/a><\/span><\/span><span class=\"updated\" style=\"display:none;\">2025-07-26T17:39:45+02:00<\/span><h4 class=\"entry-title\"><a href=\"https:\/\/tishk.org\/de\/2024\/12\/10\/buchlesung-und-diskussion-good-morning-jina-ein-kritischer-blick-auf-die-jina-revolution\/\">Buchlesung und Diskussion: Good Morning Jina; Ein kritischer Blick auf die Jina-Revolution<\/a><\/h4><\/div><\/article><article class=\"post fusion-column column col col-lg-4 col-md-4 col-sm-4\"><div class=\"fusion-flexslider fusion-flexslider-loading flexslider flexslider-hover-type-none\"><ul class=\"slides\"><li><a href=\"https:\/\/tishk.org\/de\/2024\/09\/26\/veroeffentlichung-der-neuesten-ausgabe-des-tishk-magazins-sommer-2024-vol-25-nr-70\/\" aria-label=\"Ver\u00f6ffentlichung der neuesten Ausgabe des TISHK Magazins, Sommer 2024 (Vol. 25, Nr. 70)\" class=\"hover-type-none\"><img decoding=\"async\" width=\"700\" height=\"441\" src=\"https:\/\/tishk.org\/de\/wp-content\/uploads\/sites\/3\/2024\/09\/TISHK-Web-Reklamation--700x441.jpg\" class=\"attachment-recent-posts size-recent-posts lazyload\" alt=\"Reklamation zur Ver\u00f6ffentlichung der neuesten Ausgabe des TISHK Magazins, Sommer 2024 (Vol. 25, Nr. 70)\" srcset=\"data:image\/svg+xml,%3Csvg%20xmlns%3D%27http%3A%2F%2Fwww.w3.org%2F2000%2Fsvg%27%20width%3D%271280%27%20height%3D%271090%27%20viewBox%3D%270%200%201280%201090%27%3E%3Crect%20width%3D%271280%27%20height%3D%271090%27%20fill-opacity%3D%220%22%2F%3E%3C%2Fsvg%3E\" data-orig-src=\"https:\/\/tishk.org\/de\/wp-content\/uploads\/sites\/3\/2024\/09\/TISHK-Web-Reklamation--700x441.jpg\" data-srcset=\"https:\/\/tishk.org\/de\/wp-content\/uploads\/sites\/3\/2024\/09\/TISHK-Web-Reklamation--320x202.jpg 320w, https:\/\/tishk.org\/de\/wp-content\/uploads\/sites\/3\/2024\/09\/TISHK-Web-Reklamation--700x441.jpg 700w\" data-sizes=\"auto\" \/><\/a><\/li><\/ul><\/div><div class=\"recent-posts-content\"><span class=\"vcard\" style=\"display: none;\"><span class=\"fn\"><a href=\"https:\/\/tishk.org\/de\/author\/siamoha2021\/\" title=\"Beitr\u00e4ge von \u0633\u0627\u0646\" rel=\"author\">\u0633\u0627\u0646<\/a><\/span><\/span><span class=\"updated\" style=\"display:none;\">2025-07-26T14:59:10+02:00<\/span><h4 class=\"entry-title\"><a href=\"https:\/\/tishk.org\/de\/2024\/09\/26\/veroeffentlichung-der-neuesten-ausgabe-des-tishk-magazins-sommer-2024-vol-25-nr-70\/\">Ver\u00f6ffentlichung der neuesten Ausgabe des TISHK Magazins, Sommer 2024 (Vol. 25, Nr. 70)<\/a><\/h4><\/div><\/article><\/section><\/div><\/div><\/div><\/div><\/div>\n","protected":false},"excerpt":{"rendered":"","protected":false},"author":1,"featured_media":0,"parent":0,"menu_order":0,"comment_status":"closed","ping_status":"closed","template":"","meta":{"_acf_changed":false,"give_campaign_id":0,"footnotes":""},"class_list":["post-3009","page","type-page","status-publish","hentry"],"acf":[],"campaignId":"","jetpack_sharing_enabled":true,"_links":{"self":[{"href":"https:\/\/tishk.org\/de\/wp-json\/wp\/v2\/pages\/3009","targetHints":{"allow":["GET"]}}],"collection":[{"href":"https:\/\/tishk.org\/de\/wp-json\/wp\/v2\/pages"}],"about":[{"href":"https:\/\/tishk.org\/de\/wp-json\/wp\/v2\/types\/page"}],"author":[{"embeddable":true,"href":"https:\/\/tishk.org\/de\/wp-json\/wp\/v2\/users\/1"}],"replies":[{"embeddable":true,"href":"https:\/\/tishk.org\/de\/wp-json\/wp\/v2\/comments?post=3009"}],"version-history":[{"count":12,"href":"https:\/\/tishk.org\/de\/wp-json\/wp\/v2\/pages\/3009\/revisions"}],"predecessor-version":[{"id":3537,"href":"https:\/\/tishk.org\/de\/wp-json\/wp\/v2\/pages\/3009\/revisions\/3537"}],"wp:attachment":[{"href":"https:\/\/tishk.org\/de\/wp-json\/wp\/v2\/media?parent=3009"}],"curies":[{"name":"wp","href":"https:\/\/api.w.org\/{rel}","templated":true}]}}