{"id":3184,"date":"2024-06-11T22:10:35","date_gmt":"2024-06-11T22:10:35","guid":{"rendered":"https:\/\/tishk.org\/de\/?page_id=3184"},"modified":"2024-07-09T21:02:01","modified_gmt":"2024-07-09T21:02:01","slug":"research-paper","status":"publish","type":"page","link":"https:\/\/tishk.org\/de\/research-paper\/","title":{"rendered":"Research Paper"},"content":{"rendered":"<p><div class=\"fusion-fullwidth fullwidth-box fusion-builder-row-1 fusion-flex-container nonhundred-percent-fullwidth non-hundred-percent-height-scrolling\" style=\"--awb-border-radius-top-left:0px;--awb-border-radius-top-right:0px;--awb-border-radius-bottom-right:0px;--awb-border-radius-bottom-left:0px;--awb-flex-wrap:wrap;\" ><div class=\"fusion-builder-row fusion-row fusion-flex-align-items-flex-start fusion-flex-content-wrap\" style=\"max-width:1302px;margin-left: calc(-5% \/ 2 );margin-right: calc(-5% \/ 2 );\"><div class=\"fusion-layout-column fusion_builder_column fusion-builder-column-0 fusion_builder_column_1_1 1_1 fusion-flex-column\" style=\"--awb-bg-size:cover;--awb-width-large:100%;--awb-margin-top-large:0px;--awb-spacing-right-large:2.375%;--awb-margin-bottom-large:0px;--awb-spacing-left-large:2.375%;--awb-width-medium:100%;--awb-spacing-right-medium:2.375%;--awb-spacing-left-medium:2.375%;--awb-width-small:100%;--awb-spacing-right-small:2.375%;--awb-spacing-left-small:2.375%;\"><div class=\"fusion-column-wrapper fusion-flex-justify-content-flex-start fusion-content-layout-column\"><div class=\"fusion-flip-boxes flip-boxes row fusion-columns-1 flip-effect-classic\"><div class=\"fusion-flip-box-wrapper fusion-column col-lg-12 col-md-12 col-sm-12\"><div class=\"fusion-flip-box flip-right\" tabindex=\"0\"><div class=\"flip-box-inner-wrapper\"><div class=\"flip-box-front\"><div class=\"flip-box-front-inner\"><h2 class=\"flip-box-heading without-text\">TISHK Research Paper<\/h2><\/div><\/div><div class=\"flip-box-back\"><div class=\"flip-box-back-inner\"><h3 class=\"flip-box-heading-back\">TISHK Research Paper<\/h3>\n<p>TISHK Research Paper zielt darauf ab, eine solide Plattform f\u00fcr die Ver\u00f6ffentlichung qualitativ hochwertiger Forschung zu schaffen, die sich auf Ostkurdistan (Kurdistan-Iran) und andere ethnische und religi\u00f6se Gruppen im Iran konzentriert<\/p>\n<\/div><\/div><\/div><\/div><\/div><\/div><div class=\"fusion-post-cards fusion-post-cards-1 fusion-grid-archive fusion-grid-columns-1\" style=\"--awb-column-spacing:0px;--awb-dots-align:center;--awb-columns:1;--awb-filters-color:var(--awb-color8);--awb-active-filter-border-size:3px;--awb-filters-height:36px;\" data-post-type-label=\"beitr\u00e4ge\"><ul class=\"fusion-grid fusion-grid-1 fusion-flex-align-items-center fusion-grid-posts-cards\"><li class=\"fusion-layout-column fusion_builder_column fusion-builder-column-1 fusion-flex-column post-card fusion-grid-column fusion-post-cards-grid-column\" style=\"--awb-bg-blend:overlay;--awb-bg-size:cover;--awb-transform:translateY(0px);--awb-transform-hover:translateY(10px);--awb-flex-grow:0;--awb-flex-shrink:0;--awb-flex-grow-medium:0;--awb-flex-shrink-medium:0;--awb-flex-grow-small:0;--awb-flex-shrink-small:0;\"><div class=\"fusion-column-wrapper fusion-flex-justify-content-flex-start fusion-content-layout-column\"><div class=\"fusion-classic-product-image-wrapper fusion-woo-product-image fusion-post-card-image fusion-post-card-image-1 has-aspect-ratio\" data-layout=\"static\" style=\"--awb-margin-top:20px;--awb-aspect-ratio:2;\"><div  class=\"fusion-image-wrapper\" aria-haspopup=\"true\">\n\t\t\t\t\t\t\t<a href=\"https:\/\/tishk.org\/de\/2024\/07\/09\/nostalgie-der-besetzten\/\" aria-label=\"Nostalgie der Besetzten\">\n\t\t\t\t\t\t\t<img decoding=\"async\" width=\"4205\" height=\"2894\" src=\"https:\/\/tishk.org\/de\/wp-content\/uploads\/sites\/3\/2024\/07\/book-cover-new-version-09.07.png\" class=\"attachment-full size-full lazyload wp-post-image\" alt=\"Umschlag des Buches: Nostalgie der Besetzten\" srcset=\"data:image\/svg+xml,%3Csvg%20xmlns%3D%27http%3A%2F%2Fwww.w3.org%2F2000%2Fsvg%27%20width%3D%274205%27%20height%3D%272894%27%20viewBox%3D%270%200%204205%202894%27%3E%3Crect%20width%3D%274205%27%20height%3D%272894%27%20fill-opacity%3D%220%22%2F%3E%3C%2Fsvg%3E\" data-orig-src=\"https:\/\/tishk.org\/de\/wp-content\/uploads\/sites\/3\/2024\/07\/book-cover-new-version-09.07.png\" data-srcset=\"https:\/\/tishk.org\/de\/wp-content\/uploads\/sites\/3\/2024\/07\/book-cover-new-version-09.07-200x138.png 200w, https:\/\/tishk.org\/de\/wp-content\/uploads\/sites\/3\/2024\/07\/book-cover-new-version-09.07-400x275.png 400w, https:\/\/tishk.org\/de\/wp-content\/uploads\/sites\/3\/2024\/07\/book-cover-new-version-09.07-600x413.png 600w, https:\/\/tishk.org\/de\/wp-content\/uploads\/sites\/3\/2024\/07\/book-cover-new-version-09.07-800x551.png 800w, https:\/\/tishk.org\/de\/wp-content\/uploads\/sites\/3\/2024\/07\/book-cover-new-version-09.07-1200x826.png 1200w, https:\/\/tishk.org\/de\/wp-content\/uploads\/sites\/3\/2024\/07\/book-cover-new-version-09.07.png 4205w\" data-sizes=\"auto\" \/>\t\t\t<\/a>\n\t\t\t\t\t\t\t<\/div>\n<\/div><div class=\"fusion-title title fusion-title-1 fusion-sep-none fusion-title-text fusion-title-size-four\" style=\"--awb-text-color:var(--awb-color8);--awb-margin-top:35px;--awb-margin-right:10px;--awb-margin-left:5px;--awb-margin-top-small:25px;--awb-margin-right-small:10px;--awb-margin-bottom-small:10px;--awb-margin-left-small:10px;--awb-link-color:var(--awb-color8);--awb-link-hover-color:var(--awb-color8);--awb-sep-color:var(--awb-color1);\"><h4 class=\"fusion-title-heading title-heading-left\" style=\"margin:0;text-transform:capitalize;\"><a href=\"https:\/\/tishk.org\/de\/2024\/07\/09\/nostalgie-der-besetzten\/\" class=\"awb-custom-text-color awb-custom-text-hover-color\" target=\"_self\">Nostalgie der Besetzten<\/a><\/h4><\/div><div class=\"fusion-text fusion-text-1 fusion-text-no-margin\" style=\"--awb-content-alignment:left;--awb-font-size:var(--awb-typography4-font-size);--awb-line-height:var(--awb-typography4-line-height);--awb-letter-spacing:var(--awb-typography4-letter-spacing);--awb-text-transform:var(--awb-typography4-text-transform);--awb-text-color:var(--awb-color8);--awb-margin-right:10px;--awb-margin-bottom:10px;--awb-margin-left:10px;--awb-text-font-family:var(--awb-typography4-font-family);--awb-text-font-weight:var(--awb-typography4-font-weight);--awb-text-font-style:var(--awb-typography4-font-style);\"><\/div><\/div><\/li>\n<\/ul><\/div><div class=\"fusion-flip-boxes flip-boxes row fusion-columns-1 flip-effect-classic\"><div class=\"fusion-flip-box-wrapper fusion-column col-lg-12 col-md-12 col-sm-12\"><div class=\"fusion-flip-box flip-right\" tabindex=\"0\"><div class=\"flip-box-inner-wrapper\"><div class=\"flip-box-front\"><div class=\"flip-box-front-inner\"><h2 class=\"flip-box-heading without-text\">Kriterien f\u00fcr die Annahme von Research Papers<\/h2><\/div><\/div><div class=\"flip-box-back\"><div class=\"flip-box-back-inner\"><h3 class=\"flip-box-heading-back\">TISHK Research Paper<\/h3>\n<p>TISHK Research Paper zielt darauf ab, eine solide Plattform f\u00fcr die Ver\u00f6ffentlichung qualitativ hochwertiger Forschung zu schaffen, die sich auf Ostkurdistan (Kurdistan-Iran) und andere ethnische und religi\u00f6se Gruppen im Iran konzentriert<\/p>\n<\/div><\/div><\/div><\/div><\/div><\/div><div class=\"fusion-text fusion-text-2\"><p><strong>TISHK Research Paper<\/strong><\/p>\n<p>Das Projekt &#8222;TISHK Research Paper&#8220; zielt darauf ab, eine solide Plattform f\u00fcr die Ver\u00f6ffentlichung qualitativ hochwertiger Forschung zu schaffen, die sich auf Ostkurdistan (Kurdistan-Iran) und andere ethnische und religi\u00f6se Gruppen im Iran konzentriert, wie z.B. Belutschen, Aserbaidschaner und Araber oder Yaresani, Bahai, Zarathustrier etc. Dieses Projekt wird vom TISHK Zentrum f\u00fcr Studien \u00fcber Kurdistan initiiert, um den wissenschaftlichen Diskurs zu f\u00f6rdern, das Verst\u00e4ndnis f\u00fcr regionale Probleme zu verbessern und durch begutachtete Publikationen zur wissenschaftlichen Gemeinschaft beizutragen. Alle Forschungsarbeiten werden von f\u00fchrenden Wissenschaftlern und dem Advisory Board des TISHK Zentrums gr\u00fcndlich begutachtet und redigiert.<\/p>\n<p>Die Research Papers werden im Rahmen des Projekts unter den folgenden bibliographischen Angaben ver\u00f6ffentlicht:<br \/>\n<strong>TISHK Research Paper (Print) ISSN 2943-7245<\/strong><br \/>\n<strong>TISHK Research Paper (Online) ISSN 2943-7237<\/strong><br \/>\nDie Publikationen werden sowohl in gedruckter als auch in digitaler Form im eigenen Verlag des TISHK-Zentrums ver\u00f6ffentlicht.<\/p>\n<p><strong>Ziele<\/strong><\/p>\n<p>Die Hauptziele der TISHK Research Papers sind:<\/p>\n<ul>\n<li>Schaffung einer eigenen Reihe zur Ver\u00f6ffentlichung von Forschungsergebnissen \u00fcber Ostkurdistan und andere ethnische und religi\u00f6se Gruppen im Iran.<\/li>\n<li>Wissenschaftlern eine Plattform zu bieten, ihre Erkenntnisse und Einsichten mit einem breiteren Publikum zu teilen.<\/li>\n<li>Die Sichtbarkeit und den Einfluss der Forschung zu regionalen und interdisziplin\u00e4ren Themen in der akademischen Gemeinschaft zu erh\u00f6hen.<\/li>\n<li>Zur bestehenden Wissensbasis beizutragen, indem L\u00fccken in der Literatur \u00fcber Ostkurdistan und andere V\u00f6lker im Iran geschlossen werden.<\/li>\n<\/ul>\n<p><strong>Umfang und Schwerpunkte<\/strong><\/p>\n<p>Das Projekt wird ein breites Spektrum von Themen abdecken, einschlie\u00dflich, aber nicht beschr\u00e4nkt auf<\/p>\n<ul>\n<li>Historische, politische und soziale Studien zu Ostkurdistan und zum Iran.<\/li>\n<li>Kulturelle und linguistische Studien \u00fcber kurdische und andere ethnische Gruppen im Iran.<\/li>\n<li>Menschenrechtsfragen und sozio\u00f6konomische Herausforderungen dieser Gemeinschaften.<\/li>\n<li>Vergleichende Studien zu anderen ethnischen Gruppen im Iran wie Belutschen, Aserbaidschanern und Arabern.<\/li>\n<\/ul>\n<p><strong>Die zu erwartenden Ergebnisse des Projekts umfassen:<\/strong><\/p>\n<ul>\n<li>Eine Serie qualitativ hochwertiger Forschungspapiere, die das Verst\u00e4ndnis von Ost-Kurdistan und anderen ethnischen und religi\u00f6sen Gruppen im Iran erweitern.<\/li>\n<li>Verst\u00e4rkter akademischer Diskurs und Zusammenarbeit in Regionalstudien.<\/li>\n<li>Erh\u00f6hte Sichtbarkeit und Wirkung von Forschung zu soziopolitischen und kulturellen Themen im Iran.<\/li>\n<\/ul>\n<p>Des Weiteren werden Beitr\u00e4ge zur Politikgestaltung und zu Advocacy-Bem\u00fchungen f\u00fcr die Rechte und das Wohl ethnischer und religi\u00f6ser Minderheiten erwartet.<\/p>\n<\/div><div class=\"fusion-title title fusion-title-2 fusion-title-center fusion-title-text fusion-title-size-three\" style=\"--awb-margin-bottom:40px;--awb-margin-top-small:10px;--awb-margin-right-small:0px;--awb-margin-bottom-small:40px;--awb-margin-left-small:0px;--awb-sep-color:var(--awb-color3);\"><div class=\"title-sep-container title-sep-container-left\"><div class=\"title-sep sep-single sep-solid\" style=\"border-color:var(--awb-color3);\"><\/div><\/div><span class=\"awb-title-spacer\"><\/span><h3 class=\"fusion-title-heading title-heading-center\" style=\"margin:0;text-transform:capitalize;\"><h4 class=\"entry-title\">TISHK Research Paper (2024)<\/h4><\/h3><span class=\"awb-title-spacer\"><\/span><div class=\"title-sep-container title-sep-container-right\"><div class=\"title-sep sep-single sep-solid\" style=\"border-color:var(--awb-color3);\"><\/div><\/div><\/div><div class=\"fusion-image-carousel fusion-image-carousel-auto fusion-image-carousel-1 fusion-carousel-border\"><div class=\"awb-carousel awb-swiper awb-swiper-carousel awb-carousel--carousel awb-swiper-dots-position-bottom\" data-layout=\"carousel\" data-autoplay=\"no\" data-autoplayspeed=\"5000\" data-autoplaypause=\"no\" data-loop=\"yes\" data-columns=\"5\" data-columnsmedium=\"1\" data-columnssmall=\"1\" data-itemmargin=\"13\" data-itemwidth=\"180\" data-touchscroll=\"no\" data-freemode=\"no\" data-imagesize=\"auto\" data-scrollitems=\"0\" data-centeredslides=\"no\" data-rotationangle=\"50\" data-depth=\"100\" data-speed=\"500\" data-shadow=\"no\" data-pagination=\"bullets\" style=\"--awb-border-width:1px;--awb-border-color:#e9eaee;\"><div class=\"swiper-wrapper awb-image-carousel-wrapper fusion-flex-align-items-center\"><div class=\"swiper-slide\"><div class=\"fusion-carousel-item-wrapper\"><div class=\"fusion-image-wrapper hover-type-none\"><a href=\"https:\/\/tishk.org\/de\/2024\/07\/09\/nostalgie-der-besetzten\/\" target=\"_blank\" rel=\"noopener noreferrer\"><img decoding=\"async\" width=\"1080\" height=\"1422\" src=\"https:\/\/tishk.org\/de\/wp-content\/uploads\/sites\/3\/2024\/07\/Book-cover-for-web.jpg\" class=\"attachment-full size-full lazyload\" alt=\"nostalgie-der-besetzten\" srcset=\"data:image\/svg+xml,%3Csvg%20xmlns%3D%27http%3A%2F%2Fwww.w3.org%2F2000%2Fsvg%27%20width%3D%271080%27%20height%3D%271422%27%20viewBox%3D%270%200%201080%201422%27%3E%3Crect%20width%3D%271080%27%20height%3D%271422%27%20fill-opacity%3D%220%22%2F%3E%3C%2Fsvg%3E\" data-orig-src=\"https:\/\/tishk.org\/de\/wp-content\/uploads\/sites\/3\/2024\/07\/Book-cover-for-web.jpg\" data-srcset=\"https:\/\/tishk.org\/de\/wp-content\/uploads\/sites\/3\/2024\/07\/Book-cover-for-web-66x87.jpg 66w, https:\/\/tishk.org\/de\/wp-content\/uploads\/sites\/3\/2024\/07\/Book-cover-for-web-200x263.jpg 200w, https:\/\/tishk.org\/de\/wp-content\/uploads\/sites\/3\/2024\/07\/Book-cover-for-web-228x300.jpg 228w, https:\/\/tishk.org\/de\/wp-content\/uploads\/sites\/3\/2024\/07\/Book-cover-for-web-320x421.jpg 320w, https:\/\/tishk.org\/de\/wp-content\/uploads\/sites\/3\/2024\/07\/Book-cover-for-web-400x527.jpg 400w, https:\/\/tishk.org\/de\/wp-content\/uploads\/sites\/3\/2024\/07\/Book-cover-for-web-600x790.jpg 600w, https:\/\/tishk.org\/de\/wp-content\/uploads\/sites\/3\/2024\/07\/Book-cover-for-web-669x881.jpg 669w, https:\/\/tishk.org\/de\/wp-content\/uploads\/sites\/3\/2024\/07\/Book-cover-for-web-700x922.jpg 700w, https:\/\/tishk.org\/de\/wp-content\/uploads\/sites\/3\/2024\/07\/Book-cover-for-web-768x1011.jpg 768w, https:\/\/tishk.org\/de\/wp-content\/uploads\/sites\/3\/2024\/07\/Book-cover-for-web-778x1024.jpg 778w, https:\/\/tishk.org\/de\/wp-content\/uploads\/sites\/3\/2024\/07\/Book-cover-for-web-800x1053.jpg 800w, https:\/\/tishk.org\/de\/wp-content\/uploads\/sites\/3\/2024\/07\/Book-cover-for-web.jpg 1080w\" data-sizes=\"auto\" \/><\/a><\/div><\/div><\/div><\/div><div class=\"awb-swiper-button awb-swiper-button-prev\"><i class=\"awb-icon-angle-left\" aria-hidden=\"true\"><\/i><\/div><div class=\"awb-swiper-button awb-swiper-button-next\"><i class=\"awb-icon-angle-right\" aria-hidden=\"true\"><\/i><\/div><\/div><\/div><div class=\"fusion-flip-boxes flip-boxes row fusion-columns-1 flip-effect-classic\"><div class=\"fusion-flip-box-wrapper fusion-column col-lg-12 col-md-12 col-sm-12\"><div class=\"fusion-flip-box flip-right\" tabindex=\"0\"><div class=\"flip-box-inner-wrapper\"><div class=\"flip-box-front\"><div class=\"flip-box-front-inner\"><h2 class=\"flip-box-heading without-text\">Kriterien f\u00fcr die Annahme von Research Papers<\/h2><\/div><\/div><div class=\"flip-box-back\"><div class=\"flip-box-back-inner\"><h3 class=\"flip-box-heading-back\">TISHK Research Paper<\/h3>\n<p>TISHK Research Paper zielt darauf ab, eine solide Plattform f\u00fcr die Ver\u00f6ffentlichung qualitativ hochwertiger Forschung zu schaffen, die sich auf Ostkurdistan (Kurdistan-Iran) und andere ethnische und religi\u00f6se Gruppen im Iran konzentriert<\/p>\n<\/div><\/div><\/div><\/div><\/div><\/div><div class=\"fusion-text fusion-text-3\"><p>Kriterien f\u00fcr die Annahme von Forschungsarbeiten f\u00fcr die &#8222;TISHK Research Paper&#8220;:<\/p>\n<p><strong>1.L\u00e4nge und Formatierung:<\/strong><\/p>\n<ul>\n<li>Textumfang: Der Textteil des Research Papers muss mindestens 50.000 Zeichen einschlie\u00dflich Leerzeichen und Anmerkungen (oder 30 A4-Seiten) umfassen und darf 140.000 Zeichen einschlie\u00dflich Leerzeichen und Anmerkungen (oder 70 A4-Seiten) nicht \u00fcberschreiten.<\/li>\n<li>Seitenzahl: 30 bis 70 Seiten, einschlie\u00dflich Literaturverzeichnis und Anh\u00e4ngen.<\/li>\n<li>Format: Microsoft Word oder PDF, Schriftgr\u00f6\u00dfe 12, Times New Roman, 1,5 Zeilenabstand.<\/li>\n<\/ul>\n<p><strong>2. Zitierweise und Bibliographie:<\/strong><\/p>\n<ul>\n<li>Verwenden Sie den Chicago Style f\u00fcr Zitate und Bibliographie.<\/li>\n<li>Alle Zitate und Verweise m\u00fcssen korrekt formatiert werden.<\/li>\n<\/ul>\n<p><strong>3. Inhaltliche Anforderungen:<\/strong><\/p>\n<ul>\n<li>Schwerpunkt auf historischen, politischen, sozialen, kulturellen und sprachlichen Studien \u00fcber Ostkurdistan und andere ethnische und religi\u00f6se Gruppen in der Region.<\/li>\n<li>Forschung zu Menschenrechtsfragen und sozio\u00f6konomischen Herausforderungen.<\/li>\n<\/ul>\n<p><strong>4. Peer-Review-Verfahren:<\/strong><\/p>\n<ul>\n<li>Alle Einreichungen werden einem strengen Peer-Review-Verfahren unterzogen.<\/li>\n<\/ul>\n<p><strong>5. Originalit\u00e4t:<\/strong><\/p>\n<ul>\n<li>Die eingereichten Arbeiten m\u00fcssen original und unver\u00f6ffentlicht sein.<\/li>\n<\/ul>\n<p>F\u00fcr Einreichungen oder Anfragen kontaktieren Sie uns bitte per E-Mail unter <a href=\"mailto:info@tishk.org\">info@tishk.org<\/a> oder senden Sie Ihre Arbeit per Post an:<\/p>\n<p>TISHK Zentrum f\u00fcr Studien \u00fcber Kurdistan<br \/>\nPostfach: 840108<br \/>\n51033 K\u00f6ln, Deutschland<\/p>\n<\/div><\/div><\/div><\/div><\/div><div class=\"fusion-fullwidth fullwidth-box fusion-builder-row-2 fusion-flex-container nonhundred-percent-fullwidth non-hundred-percent-height-scrolling\" style=\"--awb-border-radius-top-left:0px;--awb-border-radius-top-right:0px;--awb-border-radius-bottom-right:0px;--awb-border-radius-bottom-left:0px;--awb-flex-wrap:wrap;\" ><div class=\"fusion-builder-row fusion-row fusion-flex-align-items-flex-start fusion-flex-content-wrap\" style=\"max-width:1302px;margin-left: calc(-5% \/ 2 );margin-right: calc(-5% \/ 2 );\"><div class=\"fusion-layout-column fusion_builder_column fusion-builder-column-2 fusion_builder_column_1_1 1_1 fusion-flex-column\" style=\"--awb-bg-blend:overlay;--awb-bg-size:cover;--awb-width-large:100%;--awb-flex-grow:0;--awb-flex-shrink:0;--awb-margin-top-large:0px;--awb-spacing-right-large:2.375%;--awb-margin-bottom-large:0px;--awb-spacing-left-large:2.375%;--awb-width-medium:100%;--awb-flex-grow-medium:0;--awb-flex-shrink-medium:0;--awb-spacing-right-medium:2.375%;--awb-spacing-left-medium:2.375%;--awb-width-small:100%;--awb-flex-grow-small:0;--awb-flex-shrink-small:0;--awb-spacing-right-small:2.375%;--awb-spacing-left-small:2.375%;\"><div class=\"fusion-column-wrapper fusion-flex-justify-content-flex-start fusion-content-layout-column\"><div class=\"fusion-text fusion-text-4\"><p style=\"text-align: justify;\"><strong>TISHK Research Paper<\/strong><\/p>\n<p style=\"text-align: justify;\">The TISHK Research Paper project is designed to establish a robust framework for the publication of high-quality research on Eastern Kurdistan (Kurdistan-Iran) and other ethnic and religious groups in Iran, including Baloch, Azerbaijani, Arab, and Yaresani, Bah\u00e1&#8217;\u00ed, Zarathustrians, and others. This project was initiated by the TISHK Center for Kurdistan Studies with the objective of promoting scholarly discourse, enhancing understanding of regional issues, and contributing to the scholarly community through peer-reviewed publications. All research papers undergo a rigorous peer-review process and are edited by leading scholars and the Advisory Board of the TISHK Center.<\/p>\n<p>The research papers are published as part of the project under the following bibliographical references:<br \/>\n<strong>TISHK Research Paper (Print) ISSN 2943-7245<\/strong><br \/>\n<strong>TISHK Research Paper (Online) ISSN 2943-7237<\/strong><br \/>\nThe publications are published in both printed and digital form by the TISHK Center&#8217;s own publishing house.<\/p>\n<p style=\"text-align: justify;\"><strong>Objectives<\/strong><\/p>\n<p style=\"text-align: justify;\">The primary objectives of the TISHK Research Paper project are:<\/p>\n<ul style=\"text-align: justify;\">\n<li>To create a dedicated series for the publication of research on East Kurdistan and other ethnic and religious groups in Iran.<\/li>\n<li>To provide a platform for scholars to share their findings and insights with a wider audience.<\/li>\n<li>To increase the visibility and impact of research on regional and interdisciplinary topics in the academic community.<\/li>\n<li>To contribute to the existing knowledge base by filling gaps in the literature on East Kurdistan and other peoples in Iran.<\/li>\n<\/ul>\n<p style=\"text-align: justify;\"><strong>Scope and Focus Areas<\/strong><\/p>\n<p>The project will cover a wide range of topics including, but not limited to:<\/p>\n<ul>\n<li>Historical, political and social studies on Eastern Kurdistan and Iran.<\/li>\n<li style=\"text-align: justify;\">Cultural and linguistic studies of Kurdish and other ethnic groups in Iran.<\/li>\n<li style=\"text-align: justify;\">Human rights issues and socio-economic challenges of these communities.<\/li>\n<li style=\"text-align: justify;\">Comparative studies on other ethnic groups in Iran such as Baluchis, Azerbaijanis and Arabs.<\/li>\n<\/ul>\n<p style=\"text-align: justify;\"><strong>The expected outputs of the project include:<\/strong><\/p>\n<ul style=\"text-align: justify;\">\n<li>A series of high quality research papers that will broaden the understanding of Eastern Kurdistan and other ethnic and religious groups in Iran.<\/li>\n<li>Increased academic discourse and collaboration in regional studies.<\/li>\n<li>Increased visibility and impact of research on socio-political and cultural issues in Iran.<\/li>\n<\/ul>\n<p style=\"text-align: justify;\">Furthermore, contributions to policy making and advocacy efforts for the rights and welfare of ethnic and religious minorities are expected. ethnic and religious minorities.<\/p>\n<\/div><div class=\"fusion-title title fusion-title-3 fusion-title-center fusion-title-text fusion-title-size-three\" style=\"--awb-margin-bottom:40px;--awb-margin-top-small:10px;--awb-margin-right-small:0px;--awb-margin-bottom-small:40px;--awb-margin-left-small:0px;--awb-sep-color:var(--awb-color3);\"><div class=\"title-sep-container title-sep-container-left\"><div class=\"title-sep sep-single sep-solid\" style=\"border-color:var(--awb-color3);\"><\/div><\/div><span class=\"awb-title-spacer\"><\/span><h3 class=\"fusion-title-heading title-heading-center\" style=\"margin:0;text-transform:capitalize;\"><strong>Archive of TISHK Research Paper<\/strong><\/h3><span class=\"awb-title-spacer\"><\/span><div class=\"title-sep-container title-sep-container-right\"><div class=\"title-sep sep-single sep-solid\" style=\"border-color:var(--awb-color3);\"><\/div><\/div><\/div><div class=\"fusion-image-carousel fusion-image-carousel-auto fusion-image-carousel-2 fusion-carousel-border\"><div class=\"awb-carousel awb-swiper awb-swiper-carousel awb-carousel--carousel awb-swiper-dots-position-bottom\" data-layout=\"carousel\" data-autoplay=\"no\" data-autoplayspeed=\"5000\" data-autoplaypause=\"no\" data-loop=\"yes\" data-columns=\"5\" data-columnsmedium=\"1\" data-columnssmall=\"1\" data-itemmargin=\"13\" data-itemwidth=\"180\" data-touchscroll=\"no\" data-freemode=\"no\" data-imagesize=\"auto\" data-scrollitems=\"0\" data-centeredslides=\"no\" data-rotationangle=\"50\" data-depth=\"100\" data-speed=\"500\" data-shadow=\"no\" data-pagination=\"bullets\" style=\"--awb-border-width:1px;--awb-border-color:#e9eaee;\"><div class=\"swiper-wrapper awb-image-carousel-wrapper fusion-flex-align-items-center\"><div class=\"swiper-slide\"><div class=\"fusion-carousel-item-wrapper\"><div class=\"fusion-image-wrapper hover-type-none\"><a href=\"https:\/\/tishk.org\/wp-content\/uploads\/2024\/07\/Nostalgia-of-the-Occupied-Masoud-Babaie-Web-Tishk-09.07.pdf\" target=\"_self\"><\/a><\/div><\/div><\/div><\/div><div class=\"awb-swiper-button awb-swiper-button-prev\"><i class=\"awb-icon-angle-left\" aria-hidden=\"true\"><\/i><\/div><div class=\"awb-swiper-button awb-swiper-button-next\"><i class=\"awb-icon-angle-right\" aria-hidden=\"true\"><\/i><\/div><\/div><\/div><\/div><\/div><\/div><\/div><\/p>\n","protected":false},"excerpt":{"rendered":"","protected":false},"author":1,"featured_media":0,"parent":0,"menu_order":0,"comment_status":"closed","ping_status":"closed","template":"","meta":{"_acf_changed":false,"give_campaign_id":0,"footnotes":""},"class_list":["post-3184","page","type-page","status-publish","hentry"],"acf":[],"campaignId":"","jetpack_sharing_enabled":true,"_links":{"self":[{"href":"https:\/\/tishk.org\/de\/wp-json\/wp\/v2\/pages\/3184","targetHints":{"allow":["GET"]}}],"collection":[{"href":"https:\/\/tishk.org\/de\/wp-json\/wp\/v2\/pages"}],"about":[{"href":"https:\/\/tishk.org\/de\/wp-json\/wp\/v2\/types\/page"}],"author":[{"embeddable":true,"href":"https:\/\/tishk.org\/de\/wp-json\/wp\/v2\/users\/1"}],"replies":[{"embeddable":true,"href":"https:\/\/tishk.org\/de\/wp-json\/wp\/v2\/comments?post=3184"}],"version-history":[{"count":8,"href":"https:\/\/tishk.org\/de\/wp-json\/wp\/v2\/pages\/3184\/revisions"}],"predecessor-version":[{"id":3202,"href":"https:\/\/tishk.org\/de\/wp-json\/wp\/v2\/pages\/3184\/revisions\/3202"}],"wp:attachment":[{"href":"https:\/\/tishk.org\/de\/wp-json\/wp\/v2\/media?parent=3184"}],"curies":[{"name":"wp","href":"https:\/\/api.w.org\/{rel}","templated":true}]}}