{"id":3858,"date":"2025-12-17T23:56:54","date_gmt":"2025-12-17T22:56:54","guid":{"rendered":"https:\/\/tishk.org\/de\/?page_id=3858"},"modified":"2025-12-18T00:11:17","modified_gmt":"2025-12-17T23:11:17","slug":"kurdish-memory-days","status":"publish","type":"page","link":"https:\/\/tishk.org\/de\/kurdish-memory-days\/","title":{"rendered":"Kurdish Memory Days"},"content":{"rendered":"<p><div class=\"fusion-fullwidth fullwidth-box fusion-builder-row-1 fusion-flex-container has-pattern-background has-mask-background nonhundred-percent-fullwidth non-hundred-percent-height-scrolling\" style=\"--awb-border-radius-top-left:0px;--awb-border-radius-top-right:0px;--awb-border-radius-bottom-right:0px;--awb-border-radius-bottom-left:0px;--awb-margin-bottom:40px;--awb-flex-wrap:wrap;\" ><div class=\"fusion-builder-row fusion-row fusion-flex-align-items-flex-start fusion-flex-content-wrap\" style=\"max-width:1302px;margin-left: calc(-5% \/ 2 );margin-right: calc(-5% \/ 2 );\"><div class=\"fusion-layout-column fusion_builder_column fusion-builder-column-0 fusion_builder_column_1_1 1_1 fusion-flex-column\" style=\"--awb-bg-size:cover;--awb-width-large:100%;--awb-margin-top-large:0px;--awb-spacing-right-large:2.375%;--awb-margin-bottom-large:0px;--awb-spacing-left-large:2.375%;--awb-width-medium:100%;--awb-order-medium:0;--awb-spacing-right-medium:2.375%;--awb-spacing-left-medium:2.375%;--awb-width-small:100%;--awb-order-small:0;--awb-spacing-right-small:2.375%;--awb-spacing-left-small:2.375%;\"><div class=\"fusion-column-wrapper fusion-column-has-shadow fusion-flex-justify-content-flex-start fusion-content-layout-column\"><div class=\"fusion-blog-shortcode fusion-blog-shortcode-1 fusion-blog-archive fusion-blog-layout-large fusion-blog-no\" style=\"--awb-title-font-family:&quot;shasenem&quot;;\"><div class=\"fusion-posts-container fusion-posts-container-no fusion-blog-rollover\" data-pages=\"3\"><article id=\"blog-1-post-3933\" class=\"fusion-post-large post-3933 post type-post status-publish format-standard has-post-thumbnail hentry category-kurdish-memory-days tag-die-republik-kurdistan tag-kurdish-memory-days tag-news tag-peschmarga tag-peshmerga tag-qazi-mohammad\">\n\t<style type=\"text\/css\">\n\t\t\n\t\t\n\t\t\n\t\t\n\t\t\t<\/style>\n\n\n\t\t\t<div class=\"fusion-flexslider flexslider fusion-flexslider-loading fusion-post-slideshow\" style=\"\">\n\t\t<ul class=\"slides\">\n\t\t\t\n\t\t\t\t\t\t\t\t\t\t\t\t\t\t<li><div  class=\"fusion-image-wrapper\" aria-haspopup=\"true\">\n\t\t\t\t<img decoding=\"async\" width=\"1920\" height=\"1080\" src=\"https:\/\/tishk.org\/de\/wp-content\/uploads\/sites\/3\/2026\/01\/Die-Republik-Kurdistan-web.png\" class=\"attachment-full size-full lazyload wp-post-image\" alt=\"\" srcset=\"data:image\/svg+xml,%3Csvg%20xmlns%3D%27http%3A%2F%2Fwww.w3.org%2F2000%2Fsvg%27%20width%3D%271920%27%20height%3D%271080%27%20viewBox%3D%270%200%201920%201080%27%3E%3Crect%20width%3D%271920%27%20height%3D%271080%27%20fill-opacity%3D%220%22%2F%3E%3C%2Fsvg%3E\" data-orig-src=\"https:\/\/tishk.org\/de\/wp-content\/uploads\/sites\/3\/2026\/01\/Die-Republik-Kurdistan-web.png\" data-srcset=\"https:\/\/tishk.org\/de\/wp-content\/uploads\/sites\/3\/2026\/01\/Die-Republik-Kurdistan-web-200x113.png 200w, https:\/\/tishk.org\/de\/wp-content\/uploads\/sites\/3\/2026\/01\/Die-Republik-Kurdistan-web-400x225.png 400w, https:\/\/tishk.org\/de\/wp-content\/uploads\/sites\/3\/2026\/01\/Die-Republik-Kurdistan-web-600x338.png 600w, https:\/\/tishk.org\/de\/wp-content\/uploads\/sites\/3\/2026\/01\/Die-Republik-Kurdistan-web-800x450.png 800w, https:\/\/tishk.org\/de\/wp-content\/uploads\/sites\/3\/2026\/01\/Die-Republik-Kurdistan-web-1200x675.png 1200w, https:\/\/tishk.org\/de\/wp-content\/uploads\/sites\/3\/2026\/01\/Die-Republik-Kurdistan-web.png 1920w\" data-sizes=\"auto\" \/><div class=\"fusion-rollover\">\n\t<div class=\"fusion-rollover-content\">\n\n\t\t\t\t\t\t\t\t\t\t\t\t\t\t<a class=\"fusion-rollover-link\" href=\"https:\/\/tishk.org\/de\/2026\/01\/22\/22-januar-die-republik-kurdistan\/\">22. Januar \u2013 Die Republik Kurdistan<\/a>\n\t\t\t\n\t\t\t\t\t\t\t\t\t\t\t\t\t\t\n\t\t\t\t\t\t\t\t\n\t\t\t\t\t\t\t\t\t\t\t\t\t<div class=\"fusion-rollover-sep\"><\/div>\n\t\t\t\t\n\t\t\t\t\t\t\t\t\t\t\t\t\t\t\t\t\t\t<a class=\"fusion-rollover-gallery\" href=\"https:\/\/tishk.org\/de\/wp-content\/uploads\/sites\/3\/2026\/01\/Die-Republik-Kurdistan-web.png\" data-options=\"\" data-id=\"3933\" data-rel=\"iLightbox[gallery]\" data-title=\"Die Republik Kurdistan web\" data-caption=\"Foto von der Ausrufung der Republik Kurdistan\">\n\t\t\t\t\t\tGallery\t\t\t\t\t<\/a>\n\t\t\t\t\t\t\t\t\t\t\t\t\t\t\n\t\t\n\t\t\t\t\t\t\t\t\t\t\t\t<h4 class=\"fusion-rollover-title\">\n\t\t\t\t\t<a class=\"fusion-rollover-title-link\" href=\"https:\/\/tishk.org\/de\/2026\/01\/22\/22-januar-die-republik-kurdistan\/\">\n\t\t\t\t\t\t22. Januar \u2013 Die Republik Kurdistan\t\t\t\t\t<\/a>\n\t\t\t\t<\/h4>\n\t\t\t\n\t\t\t\t\t\t\t\t\t\t<div class=\"fusion-rollover-categories\"><a href=\"https:\/\/tishk.org\/de\/category\/kurdish-memory-days\/\" rel=\"tag\">Kurdish Memory Days<\/a><\/div>\t\t\t\t\t\n\t\t\n\t\t\t\t\t\t<a class=\"fusion-link-wrapper\" href=\"https:\/\/tishk.org\/de\/2026\/01\/22\/22-januar-die-republik-kurdistan\/\" aria-label=\"22. Januar \u2013 Die Republik Kurdistan\"><\/a>\n\t<\/div>\n<\/div>\n<\/div>\n<\/li>\n\t\t\t\n\t\t\t\n\t\t\t\t\t\t\t\t\t\t\t\t\t\t\t\t\t\t\t\t\t\t\t\t\t\t\t\t\t\t\t\t\t\t\t\t\t\t\t\t\t\t\t\t\t\t\t\t\t\t\t\t\t\t\t\t\t\t\t\t\t\t\t\t\t\t\t\t<\/ul>\n\t<\/div>\n\t<div class=\"fusion-post-content post-content\"><h6 class=\"blog-shortcode-post-title entry-title\"><a href=\"https:\/\/tishk.org\/de\/2026\/01\/22\/22-januar-die-republik-kurdistan\/\">22. Januar \u2013 Die Republik Kurdistan<\/a><\/h6><div class=\"fusion-post-content-container\"><p> 22 . Januar \u2013 Die Republik Kurdistan und das politische Ged\u00e4chtnis kurdischer Staatlichkeit Der 22. Januar 1946 markiert einen der bedeutendsten Einschnitte im modernen politischen Ged\u00e4chtnis des kurdischen Volkes: die Ausrufung der Republik Kurdistan in Mahabad. Auch wenn ihr Bestehen nur elf Monate w\u00e4hrte, nimmt die Republik bis heute eine zentrale Stellung in der [...]<\/p><\/div><\/div><div class=\"fusion-clearfix\"><\/div><div class=\"fusion-meta-info\"><span class=\"vcard\" style=\"display: none;\"><span class=\"fn\"><a href=\"https:\/\/tishk.org\/de\/author\/siamoha2021\/\" title=\"Beitr\u00e4ge von \u0633\u0627\u0646\" rel=\"author\">\u0633\u0627\u0646<\/a><\/span><\/span><span class=\"updated\" style=\"display:none;\">2026-01-22T12:12:41+01:00<\/span><div class=\"fusion-alignright\"><a class=\"fusion-read-more\" href=\"https:\/\/tishk.org\/de\/2026\/01\/22\/22-januar-die-republik-kurdistan\/\" aria-label=\"More on 22. Januar \u2013 Die Republik Kurdistan\">Read More<\/a><\/div><\/div><\/article>\n<\/div><\/div><div class=\"fusion-recent-posts fusion-recent-posts-1 avada-container layout-default layout-columns-3 fusion-recent-posts-right\"><section class=\"fusion-columns columns fusion-columns-3 columns-3\"><article class=\"post fusion-column column col col-lg-4 col-md-4 col-sm-4\"><div class=\"fusion-flexslider fusion-flexslider-loading flexslider flexslider-hover-type-none\"><ul class=\"slides\"><li><a href=\"https:\/\/tishk.org\/de\/2026\/01\/22\/22-januar-die-republik-kurdistan\/\" aria-label=\"22. Januar \u2013 Die Republik Kurdistan\" class=\"hover-type-none\"><img decoding=\"async\" width=\"700\" height=\"441\" src=\"https:\/\/tishk.org\/de\/wp-content\/uploads\/sites\/3\/2026\/01\/Die-Republik-Kurdistan-web-700x441.png\" class=\"attachment-recent-posts size-recent-posts lazyload\" alt=\"\" srcset=\"data:image\/svg+xml,%3Csvg%20xmlns%3D%27http%3A%2F%2Fwww.w3.org%2F2000%2Fsvg%27%20width%3D%271920%27%20height%3D%271080%27%20viewBox%3D%270%200%201920%201080%27%3E%3Crect%20width%3D%271920%27%20height%3D%271080%27%20fill-opacity%3D%220%22%2F%3E%3C%2Fsvg%3E\" data-orig-src=\"https:\/\/tishk.org\/de\/wp-content\/uploads\/sites\/3\/2026\/01\/Die-Republik-Kurdistan-web-700x441.png\" data-srcset=\"https:\/\/tishk.org\/de\/wp-content\/uploads\/sites\/3\/2026\/01\/Die-Republik-Kurdistan-web-320x202.png 320w, https:\/\/tishk.org\/de\/wp-content\/uploads\/sites\/3\/2026\/01\/Die-Republik-Kurdistan-web-700x441.png 700w\" data-sizes=\"auto\" \/><\/a><\/li><\/ul><\/div><div class=\"recent-posts-content\"><span class=\"vcard\" style=\"display: none;\"><span class=\"fn\"><a href=\"https:\/\/tishk.org\/de\/author\/siamoha2021\/\" title=\"Beitr\u00e4ge von \u0633\u0627\u0646\" rel=\"author\">\u0633\u0627\u0646<\/a><\/span><\/span><span class=\"updated\" style=\"display:none;\">2026-01-22T12:12:41+01:00<\/span><h6 class=\"entry-title\"><a href=\"https:\/\/tishk.org\/de\/2026\/01\/22\/22-januar-die-republik-kurdistan\/\">22. Januar \u2013 Die Republik Kurdistan<\/a><\/h6><\/div><\/article><article class=\"post fusion-column column col col-lg-4 col-md-4 col-sm-4\"><div class=\"fusion-flexslider fusion-flexslider-loading flexslider flexslider-hover-type-none\"><ul class=\"slides\"><li><a href=\"https:\/\/tishk.org\/de\/2025\/12\/18\/21-dezember-yalda-nacht-seva-yeldaye-sevcile\/\" aria-label=\"21. Dezember \u2013 Yalda-Nacht (\u015eeva Yelday\u00ea \/ \u015eev\u00e7ile)\" class=\"hover-type-none\"><img decoding=\"async\" width=\"700\" height=\"441\" src=\"https:\/\/tishk.org\/de\/wp-content\/uploads\/sites\/3\/2025\/12\/21.-Dezember-\u2013-Yalda-Nacht-\u2013-Sevcile-Web-700x441.png\" class=\"attachment-recent-posts size-recent-posts lazyload\" alt=\"\" srcset=\"data:image\/svg+xml,%3Csvg%20xmlns%3D%27http%3A%2F%2Fwww.w3.org%2F2000%2Fsvg%27%20width%3D%271920%27%20height%3D%271080%27%20viewBox%3D%270%200%201920%201080%27%3E%3Crect%20width%3D%271920%27%20height%3D%271080%27%20fill-opacity%3D%220%22%2F%3E%3C%2Fsvg%3E\" data-orig-src=\"https:\/\/tishk.org\/de\/wp-content\/uploads\/sites\/3\/2025\/12\/21.-Dezember-\u2013-Yalda-Nacht-\u2013-Sevcile-Web-700x441.png\" data-srcset=\"https:\/\/tishk.org\/de\/wp-content\/uploads\/sites\/3\/2025\/12\/21.-Dezember-\u2013-Yalda-Nacht-\u2013-Sevcile-Web-320x202.png 320w, https:\/\/tishk.org\/de\/wp-content\/uploads\/sites\/3\/2025\/12\/21.-Dezember-\u2013-Yalda-Nacht-\u2013-Sevcile-Web-700x441.png 700w\" data-sizes=\"auto\" \/><\/a><\/li><\/ul><\/div><div class=\"recent-posts-content\"><span class=\"vcard\" style=\"display: none;\"><span class=\"fn\"><a href=\"https:\/\/tishk.org\/de\/author\/siamoha2021\/\" title=\"Beitr\u00e4ge von \u0633\u0627\u0646\" rel=\"author\">\u0633\u0627\u0646<\/a><\/span><\/span><span class=\"updated\" style=\"display:none;\">2025-12-18T02:51:41+01:00<\/span><h6 class=\"entry-title\"><a href=\"https:\/\/tishk.org\/de\/2025\/12\/18\/21-dezember-yalda-nacht-seva-yeldaye-sevcile\/\">21. Dezember \u2013 Yalda-Nacht (\u015eeva Yelday\u00ea \/ \u015eev\u00e7ile)<\/a><\/h6><\/div><\/article><article class=\"post fusion-column column col col-lg-4 col-md-4 col-sm-4\"><div class=\"fusion-flexslider fusion-flexslider-loading flexslider flexslider-hover-type-none\"><ul class=\"slides\"><li><a href=\"https:\/\/tishk.org\/de\/2025\/12\/18\/17-dezember-tag-der-peschmerga-und-tag-der-flagge-kurdistans\/\" aria-label=\"17. Dezember \u2013 Tag der Peschmerga und Tag der Flagge Kurdistans\" class=\"hover-type-none\"><img decoding=\"async\" width=\"700\" height=\"441\" src=\"https:\/\/tishk.org\/de\/wp-content\/uploads\/sites\/3\/2025\/12\/17.-Dezember-\u2013-Tag-der-Peschmerga-und-Tag-der-Flagge-Kurdistans-web-700x441.png\" class=\"attachment-recent-posts size-recent-posts lazyload\" alt=\"\" srcset=\"data:image\/svg+xml,%3Csvg%20xmlns%3D%27http%3A%2F%2Fwww.w3.org%2F2000%2Fsvg%27%20width%3D%271920%27%20height%3D%271080%27%20viewBox%3D%270%200%201920%201080%27%3E%3Crect%20width%3D%271920%27%20height%3D%271080%27%20fill-opacity%3D%220%22%2F%3E%3C%2Fsvg%3E\" data-orig-src=\"https:\/\/tishk.org\/de\/wp-content\/uploads\/sites\/3\/2025\/12\/17.-Dezember-\u2013-Tag-der-Peschmerga-und-Tag-der-Flagge-Kurdistans-web-700x441.png\" data-srcset=\"https:\/\/tishk.org\/de\/wp-content\/uploads\/sites\/3\/2025\/12\/17.-Dezember-\u2013-Tag-der-Peschmerga-und-Tag-der-Flagge-Kurdistans-web-320x202.png 320w, https:\/\/tishk.org\/de\/wp-content\/uploads\/sites\/3\/2025\/12\/17.-Dezember-\u2013-Tag-der-Peschmerga-und-Tag-der-Flagge-Kurdistans-web-700x441.png 700w\" data-sizes=\"auto\" \/><\/a><\/li><\/ul><\/div><div class=\"recent-posts-content\"><span class=\"vcard\" style=\"display: none;\"><span class=\"fn\"><a href=\"https:\/\/tishk.org\/de\/author\/siamoha2021\/\" title=\"Beitr\u00e4ge von \u0633\u0627\u0646\" rel=\"author\">\u0633\u0627\u0646<\/a><\/span><\/span><span class=\"updated\" style=\"display:none;\">2025-12-18T00:09:29+01:00<\/span><h6 class=\"entry-title\"><a href=\"https:\/\/tishk.org\/de\/2025\/12\/18\/17-dezember-tag-der-peschmerga-und-tag-der-flagge-kurdistans\/\">17. Dezember \u2013 Tag der Peschmerga und Tag der Flagge Kurdistans<\/a><\/h6><\/div><\/article><\/section><\/div><div class=\"fusion-separator fusion-full-width-sep\" style=\"align-self: center;margin-left: auto;margin-right: auto;width:100%;\"><div class=\"fusion-separator-border sep-double\" style=\"--awb-height:20px;--awb-amount:20px;border-color:var(--awb-color3);border-top-width:1px;border-bottom-width:1px;\"><\/div><\/div><\/div><\/div><\/div><\/div><div class=\"fusion-fullwidth fullwidth-box fusion-builder-row-2 fusion-flex-container has-pattern-background has-mask-background nonhundred-percent-fullwidth non-hundred-percent-height-scrolling\" style=\"--awb-border-radius-top-left:0px;--awb-border-radius-top-right:0px;--awb-border-radius-bottom-right:0px;--awb-border-radius-bottom-left:0px;--awb-flex-wrap:wrap;\" ><div class=\"fusion-builder-row fusion-row fusion-flex-align-items-flex-start fusion-flex-content-wrap\" style=\"max-width:1302px;margin-left: calc(-5% \/ 2 );margin-right: calc(-5% \/ 2 );\"><div class=\"fusion-layout-column fusion_builder_column fusion-builder-column-1 fusion_builder_column_1_1 1_1 fusion-flex-column\" style=\"--awb-bg-size:cover;--awb-width-large:100%;--awb-margin-top-large:0px;--awb-spacing-right-large:2.375%;--awb-margin-bottom-large:0px;--awb-spacing-left-large:2.375%;--awb-width-medium:100%;--awb-order-medium:0;--awb-spacing-right-medium:2.375%;--awb-spacing-left-medium:2.375%;--awb-width-small:100%;--awb-order-small:0;--awb-spacing-right-small:2.375%;--awb-spacing-left-small:2.375%;\"><div class=\"fusion-column-wrapper fusion-column-has-shadow fusion-flex-justify-content-flex-start fusion-content-layout-column\"><div class=\"fusion-flip-boxes flip-boxes row fusion-columns-1 flip-effect-classic\"><div class=\"fusion-flip-box-wrapper fusion-column col-lg-12 col-md-12 col-sm-12\"><div class=\"fusion-flip-box flip-right\" tabindex=\"0\"><div class=\"flip-box-inner-wrapper\"><div class=\"flip-box-front\" style=\"--awb-title-front-color:var(--awb-custom_color_1);\"><div class=\"flip-box-front-inner\"><h2 class=\"flip-box-heading\">Kurdish Memory Days<\/h2>ein Erinnerungs- und Dokumentationsprojekt, das bedeutende historische Daten in der kurdischen Geschichte<\/div><\/div><div class=\"flip-box-back\" style=\"--awb-title-back-color:var(--awb-custom_color_1);\"><div class=\"flip-box-back-inner\"><h3 class=\"flip-box-heading-back\">Kurdish Memory Days<\/h3>\n<p><strong data-start=\"198\" data-end=\"221\">Kurdish Memory Days<\/strong> ist ein Erinnerungs- und Dokumentationsprojekt, das bedeutende historische Daten in der kurdischen Geschichte sichtbar macht.<\/p>\n<\/div><\/div><\/div><\/div><\/div><\/div><\/div><\/div><\/div><\/div><div class=\"fusion-fullwidth fullwidth-box fusion-builder-row-3 fusion-flex-container has-pattern-background has-mask-background nonhundred-percent-fullwidth non-hundred-percent-height-scrolling\" style=\"--awb-border-radius-top-left:0px;--awb-border-radius-top-right:0px;--awb-border-radius-bottom-right:0px;--awb-border-radius-bottom-left:0px;--awb-margin-top:20px;--awb-flex-wrap:wrap;\" ><div class=\"fusion-builder-row fusion-row fusion-flex-align-items-flex-start fusion-flex-content-wrap\" style=\"max-width:1302px;margin-left: calc(-5% \/ 2 );margin-right: calc(-5% \/ 2 );\"><div class=\"fusion-layout-column fusion_builder_column fusion-builder-column-2 fusion_builder_column_1_2 1_2 fusion-flex-column\" style=\"--awb-bg-size:cover;--awb-width-large:50%;--awb-margin-top-large:0px;--awb-spacing-right-large:4.75%;--awb-margin-bottom-large:0px;--awb-spacing-left-large:4.75%;--awb-width-medium:50%;--awb-order-medium:0;--awb-spacing-right-medium:4.75%;--awb-spacing-left-medium:4.75%;--awb-width-small:100%;--awb-order-small:0;--awb-margin-top-small:35px;--awb-spacing-right-small:2.375%;--awb-spacing-left-small:2.375%;\"><div class=\"fusion-column-wrapper fusion-column-has-shadow fusion-flex-justify-content-flex-start fusion-content-layout-column\"><div class=\"fusion-title title fusion-title-1 fusion-sep-none fusion-title-text fusion-title-size-three\" style=\"--awb-margin-top-small:10px;--awb-margin-right-small:0px;--awb-margin-bottom-small:10px;--awb-margin-left-small:0px;\"><h3 class=\"fusion-title-heading title-heading-left\" style=\"margin:0;text-transform:capitalize;\"><h5 style=\"text-align: left;\">Willkommen bei den Kurdish Memory Days<\/h5><\/h3><\/div><div class=\"fusion-text fusion-text-1\" style=\"--awb-content-alignment:justify;\"><p style=\"text-align: justify;\"><strong>Kurdish Memory Days<\/strong> ist eine Gedenkreihe, die sich der Erinnerung an wichtige historische Tagen, Symbole und K\u00e4mpfe in der modernen kurdischen Geschichte widmet. Das Projekt zielt darauf ab, das kollektive Ged\u00e4chtnis zu bewahren und eine kritische Reflexion \u00fcber die politischen, sozialen und kulturellen Erfahrungen der Kurden zu f\u00f6rdern.<\/p>\n<\/div><div class=\"fusion-title title fusion-title-2 fusion-sep-none fusion-title-text fusion-title-size-one\" style=\"--awb-margin-top-small:10px;--awb-margin-right-small:0px;--awb-margin-bottom-small:10px;--awb-margin-left-small:0px;\"><h1 class=\"fusion-title-heading title-heading-left\" style=\"margin:0;\"><h4>Erinnerung an die historischen Tage Kurdistans<\/h4><\/h1><\/div><div class=\"fusion-text fusion-text-2\" style=\"--awb-content-alignment:justify;\"><ul>\n<li style=\"text-align: justify;\"><strong data-start=\"198\" data-end=\"221\">Kurdish Memory Days<\/strong> ist ein Erinnerungs- und Dokumentationsprojekt, das bedeutende historische Daten in der kurdischen Geschichte sichtbar macht. Im Mittelpunkt stehen zentrale Momente von Widerstand, Identit\u00e4tsbildung und kollektiven politischen K\u00e4mpfen, die jeweils in ihren historischen, politischen und kulturellen Kontext eingeordnet werden. Ziel des Projekts ist es, das kollektive Ged\u00e4chtnis zu bewahren und eine kritische Auseinandersetzung mit den politischen, sozialen und kulturellen Erfahrungen der Kurden zu f\u00f6rdern.<\/li>\n<li style=\"text-align: justify;\"><strong data-start=\"801\" data-end=\"824\">Kurdish Memory Days<\/strong> dokumentiert und reflektiert zentrale historische Tage der kurdischen Geschichte und verbindet Ereignisse des Widerstands, der Identit\u00e4tsbildung und des kollektiven Kampfes mit ihrer politischen und kulturellen Bedeutung.<\/li>\n<li style=\"text-align: justify;\"><strong data-start=\"1103\" data-end=\"1126\">Kurdish Memory Days<\/strong> ist ein erinnerungspolitisches Projekt zur systematischen Dokumentation und Analyse bedeutender historischer Daten der modernen kurdischen Geschichte. Durch die Kontextualisierung politischer, sozialer und kultureller Ereignisse leistet das Projekt einen Beitrag zur Bewahrung des kollektiven Ged\u00e4chtnisses und zur kritischen Reflexion des kurdischen Strebens nach W\u00fcrde, Gleichberechtigung und Selbstbestimmung.<\/li>\n<\/ul>\n<\/div><\/div><\/div><div class=\"fusion-layout-column fusion_builder_column fusion-builder-column-3 fusion_builder_column_1_2 1_2 fusion-flex-column fusion-flex-align-self-flex-start\" style=\"--awb-padding-right:0px;--awb-bg-size:cover;--awb-width-large:50%;--awb-margin-top-large:0px;--awb-spacing-right-large:0%;--awb-margin-bottom-large:0px;--awb-spacing-left-large:4.75%;--awb-width-medium:50%;--awb-order-medium:0;--awb-spacing-right-medium:0%;--awb-spacing-left-medium:4.75%;--awb-width-small:100%;--awb-order-small:0;--awb-spacing-right-small:2.375%;--awb-spacing-left-small:2.375%;\"><div class=\"fusion-column-wrapper fusion-column-has-shadow fusion-flex-justify-content-center fusion-content-layout-column\"><div class=\"fusion-image-element \" style=\"--awb-aspect-ratio: 100 \/ 104;--awb-margin-bottom:25px;--awb-margin-left:50px;--awb-caption-title-font-family:var(--h2_typography-font-family);--awb-caption-title-font-weight:var(--h2_typography-font-weight);--awb-caption-title-font-style:var(--h2_typography-font-style);--awb-caption-title-size:var(--h2_typography-font-size);--awb-caption-title-transform:var(--h2_typography-text-transform);--awb-caption-title-line-height:var(--h2_typography-line-height);--awb-caption-title-letter-spacing:var(--h2_typography-letter-spacing);\"><span class=\" fusion-imageframe imageframe-none imageframe-1 hover-type-none has-aspect-ratio\"><img decoding=\"async\" src=\"data:image\/gif;base64,R0lGODlhAQABAAAAACH5BAEKAAEALAAAAAABAAEAAAICTAEAOw==\" data-orig-src=\"https:\/\/tishk.org\/wp-content\/uploads\/2023\/11\/01-English-280x300.png\" class=\"lazyload img-responsive img-with-aspect-ratio\" data-parent-fit=\"cover\" data-parent-container=\".fusion-image-element\" alt \/><\/span><\/div><\/div><\/div><\/div><\/div><\/p>\n","protected":false},"excerpt":{"rendered":"","protected":false},"author":1,"featured_media":3859,"parent":0,"menu_order":0,"comment_status":"closed","ping_status":"closed","template":"","meta":{"_acf_changed":false,"give_campaign_id":0,"footnotes":""},"class_list":["post-3858","page","type-page","status-publish","has-post-thumbnail","hentry"],"acf":[],"campaignId":"","jetpack_sharing_enabled":true,"_links":{"self":[{"href":"https:\/\/tishk.org\/de\/wp-json\/wp\/v2\/pages\/3858","targetHints":{"allow":["GET"]}}],"collection":[{"href":"https:\/\/tishk.org\/de\/wp-json\/wp\/v2\/pages"}],"about":[{"href":"https:\/\/tishk.org\/de\/wp-json\/wp\/v2\/types\/page"}],"author":[{"embeddable":true,"href":"https:\/\/tishk.org\/de\/wp-json\/wp\/v2\/users\/1"}],"replies":[{"embeddable":true,"href":"https:\/\/tishk.org\/de\/wp-json\/wp\/v2\/comments?post=3858"}],"version-history":[{"count":2,"href":"https:\/\/tishk.org\/de\/wp-json\/wp\/v2\/pages\/3858\/revisions"}],"predecessor-version":[{"id":3863,"href":"https:\/\/tishk.org\/de\/wp-json\/wp\/v2\/pages\/3858\/revisions\/3863"}],"wp:featuredmedia":[{"embeddable":true,"href":"https:\/\/tishk.org\/de\/wp-json\/wp\/v2\/media\/3859"}],"wp:attachment":[{"href":"https:\/\/tishk.org\/de\/wp-json\/wp\/v2\/media?parent=3858"}],"curies":[{"name":"wp","href":"https:\/\/api.w.org\/{rel}","templated":true}]}}